{"id":156434,"date":"2025-05-05T00:04:44","date_gmt":"2025-05-05T00:04:44","guid":{"rendered":"https:\/\/groupelykke.com\/building-luxury-properties\/"},"modified":"2025-06-10T23:35:15","modified_gmt":"2025-06-10T23:35:15","slug":"building-luxury-properties","status":"publish","type":"page","link":"https:\/\/groupelykke.com\/en\/building-luxury-properties\/","title":{"rendered":"Building luxury properties"},"content":{"rendered":"<div class=\"wpb-content-wrapper\"><p>[vc_row row_height_percent=&#8221;0&#8243; override_padding=&#8221;yes&#8221; h_padding=&#8221;2&#8243; top_padding=&#8221;5&#8243; bottom_padding=&#8221;5&#8243; overlay_alpha=&#8221;50&#8243; gutter_size=&#8221;4&#8243; column_width_percent=&#8221;100&#8243; shift_y=&#8221;0&#8243; z_index=&#8221;0&#8243; enable_top_divider=&#8221;default&#8221; top_divider=&#8221;step_2_3&#8243; shape_top_h_use_pixel=&#8221;true&#8221; shape_top_height_percent=&#8221;100&#8243; shape_top_color=&#8221;color-lxmt&#8221; shape_top_opacity=&#8221;100&#8243; shape_top_index=&#8221;0&#8243;][vc_column column_width_percent=&#8221;100&#8243; position_vertical=&#8221;middle&#8221; gutter_size=&#8221;3&#8243; font_family=&#8221;font-165032&#8243; overlay_alpha=&#8221;50&#8243; shift_x=&#8221;0&#8243; shift_y=&#8221;0&#8243; shift_y_down=&#8221;0&#8243; z_index=&#8221;0&#8243; medium_width=&#8221;0&#8243; mobile_width=&#8221;0&#8243; parallax_intensity=&#8221;3&#8243; width=&#8221;1\/1&#8243; uncode_shortcode_id=&#8221;143201&#8243;][vc_custom_heading heading_semantic=&#8221;h1&#8243; text_size=&#8221;h1&#8243; uncode_shortcode_id=&#8221;176843&#8243;]Luxury property construction[\/vc_custom_heading][vc_single_image media=&#8221;156016&#8243; media_width_percent=&#8221;100&#8243; media_ratio=&#8221;two-one&#8221; uncode_shortcode_id=&#8221;365726&#8243;][\/vc_column][\/vc_row][vc_row row_height_percent=&#8221;0&#8243; override_padding=&#8221;yes&#8221; h_padding=&#8221;2&#8243; top_padding=&#8221;3&#8243; bottom_padding=&#8221;3&#8243; overlay_alpha=&#8221;50&#8243; gutter_size=&#8221;4&#8243; column_width_percent=&#8221;100&#8243; shift_y=&#8221;0&#8243; z_index=&#8221;0&#8243; content_parallax=&#8221;0&#8243; uncode_shortcode_id=&#8221;127900&#8243; el_id=&#8221;construction-de-chalets-de-luxe&#8221;][vc_column column_width_percent=&#8221;100&#8243; gutter_size=&#8221;3&#8243; overlay_alpha=&#8221;50&#8243; shift_x=&#8221;0&#8243; shift_y=&#8221;0&#8243; shift_y_down=&#8221;0&#8243; z_index=&#8221;0&#8243; medium_visibility=&#8221;yes&#8221; medium_width=&#8221;0&#8243; mobile_visibility=&#8221;yes&#8221; mobile_width=&#8221;0&#8243; width=&#8221;3\/12&#8243; uncode_shortcode_id=&#8221;792452&#8243;][\/vc_column][vc_column column_width_percent=&#8221;100&#8243; gutter_size=&#8221;3&#8243; font_family=&#8221;font-165032&#8243; overlay_alpha=&#8221;50&#8243; shift_x=&#8221;0&#8243; shift_y=&#8221;0&#8243; shift_y_down=&#8221;0&#8243; z_index=&#8221;0&#8243; medium_width=&#8221;0&#8243; mobile_width=&#8221;0&#8243; width=&#8221;6\/12&#8243; uncode_shortcode_id=&#8221;113892&#8243;][vc_column_text text_lead=&#8221;yes&#8221; uncode_shortcode_id=&#8221;267659&#8243;]Our company also specializes in the construction of customized luxury chalets. Whether you&#8217;re looking for a modern or traditional design, we&#8217;ll bring your vision to life, combining handcrafted quality with top-of-the-range materials. Every project is unique, and we work closely with you to ensure that every detail meets your expectations.<\/p>\n<p><b>Features :<\/b><\/p>\n<ul>\n<li style=\"font-weight: 400;\" aria-level=\"1\"><span style=\"font-weight: 400;\">Tailor-made to your requirements<\/span><\/li>\n<li style=\"font-weight: 400;\" aria-level=\"1\"><span style=\"font-weight: 400;\">Use of ecological and sustainable materials<\/span><\/li>\n<li style=\"font-weight: 400;\" aria-level=\"1\"><span style=\"font-weight: 400;\">Rigorous project monitoring to ensure deadlines are met<\/span><\/li>\n<\/ul>\n<p>[\/vc_column_text][\/vc_column][vc_column column_width_percent=&#8221;100&#8243; gutter_size=&#8221;3&#8243; overlay_alpha=&#8221;50&#8243; shift_x=&#8221;0&#8243; shift_y=&#8221;0&#8243; shift_y_down=&#8221;0&#8243; z_index=&#8221;0&#8243; medium_visibility=&#8221;yes&#8221; medium_width=&#8221;0&#8243; mobile_visibility=&#8221;yes&#8221; mobile_width=&#8221;0&#8243; width=&#8221;3\/12&#8243; uncode_shortcode_id=&#8221;973332&#8243;][\/vc_column][\/vc_row][vc_row][vc_column column_width_percent=&#8221;100&#8243; align_horizontal=&#8221;align_center&#8221; gutter_size=&#8221;3&#8243; overlay_alpha=&#8221;50&#8243; shift_x=&#8221;0&#8243; shift_y=&#8221;0&#8243; shift_y_down=&#8221;0&#8243; z_index=&#8221;0&#8243; medium_width=&#8221;0&#8243; mobile_width=&#8221;0&#8243; width=&#8221;1\/1&#8243; uncode_shortcode_id=&#8221;729200&#8243;][vc_button button_color=&#8221;accent&#8221; border_animation=&#8221;btn-ripple-out&#8221; border_width=&#8221;0&#8243; link=&#8221;url:https%3A%2F%2Fgroupelykke.com%2Fchalets%2F|title:Chalets|&#8221; button_color_type=&#8221;uncode-palette&#8221; uncode_shortcode_id=&#8221;130155&#8243;]See our chalet models[\/vc_button][\/vc_column][\/vc_row][vc_row][vc_column column_width_percent=&#8221;100&#8243; align_horizontal=&#8221;align_center&#8221; gutter_size=&#8221;3&#8243; overlay_alpha=&#8221;50&#8243; shift_x=&#8221;0&#8243; shift_y=&#8221;0&#8243; shift_y_down=&#8221;0&#8243; z_index=&#8221;0&#8243; medium_width=&#8221;0&#8243; mobile_width=&#8221;0&#8243; width=&#8221;1\/4&#8243; uncode_shortcode_id=&#8221;484237&#8243;][\/vc_column][vc_column width=&#8221;1\/2&#8243;][vc_single_image media=&#8221;156305&#8243; media_width_percent=&#8221;100&#8243; uncode_shortcode_id=&#8221;205302&#8243;][vc_column_text uncode_shortcode_id=&#8221;702632&#8243;]<\/p>\n<p style=\"text-align: center;\">Contact us at +1 (514) 404 6934 to find out more about Garantie Construction R\u00e9sidentielle (GCR).<\/p>\n<p>[\/vc_column_text][\/vc_column][vc_column width=&#8221;1\/4&#8243;][\/vc_column][\/vc_row][vc_row][vc_column width=&#8221;1\/1&#8243;]<style id=\"wpforms-css-vars-156177\">\n\t\t\t\t#wpforms-156177 {\n\t\t\t\t--wpforms-container-padding: 0px;\n--wpforms-container-border-width: 1px;\n--wpforms-container-border-radius: 3px;\n--wpforms-background-color: rgba(0, 0, 0, 0);\n--wpforms-field-size-input-height: 43px;\n--wpforms-field-size-input-spacing: 15px;\n--wpforms-field-size-font-size: 16px;\n--wpforms-field-size-line-height: 19px;\n--wpforms-field-size-padding-h: 14px;\n--wpforms-field-size-checkbox-size: 16px;\n--wpforms-field-size-sublabel-spacing: 5px;\n--wpforms-field-size-icon-size: 1;\n--wpforms-label-size-font-size: 16px;\n--wpforms-label-size-line-height: 19px;\n--wpforms-label-size-sublabel-font-size: 14px;\n--wpforms-label-size-sublabel-line-height: 17px;\n--wpforms-button-size-font-size: 17px;\n--wpforms-button-size-height: 41px;\n--wpforms-button-size-padding-h: 15px;\n--wpforms-button-size-margin-top: 10px;\n--wpforms-container-shadow-size-box-shadow: none;\n\t\t\t}\n\t\t\t<\/style><div class=\"wpforms-container wpforms-container-full wpforms-render-modern\" id=\"wpforms-156177\"><form id=\"wpforms-form-156177\" class=\"wpforms-validate wpforms-form wpforms-ajax-form\" data-formid=\"156177\" method=\"post\" enctype=\"multipart\/form-data\" action=\"\/en\/wp-json\/wp\/v2\/pages\/156434\" data-token=\"360fc7d9e7a7051cf6660d2aca1ce78e\" data-token-time=\"1777222467\"><noscript class=\"wpforms-error-noscript\">Please enable JavaScript in your browser to complete this form.<\/noscript><div id=\"wpforms-error-noscript\" style=\"display: none;\">Please enable JavaScript in your browser to complete this form.<\/div><div class=\"wpforms-field-container\"><div id=\"wpforms-156177-field_1-container\" class=\"wpforms-field wpforms-field-text wpforms-one-half wpforms-first\" data-field-id=\"1\"><label class=\"wpforms-field-label wpforms-label-hide\" for=\"wpforms-156177-field_1\" aria-hidden=\"false\">Nom <span class=\"wpforms-required-label\" aria-hidden=\"true\">*<\/span><\/label><input type=\"text\" id=\"wpforms-156177-field_1\" class=\"wpforms-field-large wpforms-field-required\" name=\"wpforms[fields][1]\" placeholder=\"Nom\" aria-errormessage=\"wpforms-156177-field_1-error\" required><\/div><div id=\"wpforms-156177-field_2-container\" class=\"wpforms-field wpforms-field-email wpforms-one-half\" data-field-id=\"2\"><label class=\"wpforms-field-label wpforms-label-hide\" for=\"wpforms-156177-field_2\" aria-hidden=\"false\">Courriel <span class=\"wpforms-required-label\" aria-hidden=\"true\">*<\/span><\/label><input type=\"email\" id=\"wpforms-156177-field_2\" class=\"wpforms-field-large wpforms-field-required\" name=\"wpforms[fields][2]\" placeholder=\"Courriel\" spellcheck=\"false\" aria-errormessage=\"wpforms-156177-field_2-error\" required><\/div><div id=\"wpforms-156177-field_7-container\" class=\"wpforms-field wpforms-field-text wpforms-one-half wpforms-first\" data-field-id=\"7\"><label class=\"wpforms-field-label wpforms-label-hide\" for=\"wpforms-156177-field_7\" aria-hidden=\"false\">Num\u00e9ro de t\u00e9l\u00e9phone <span class=\"wpforms-required-label\" aria-hidden=\"true\">*<\/span><\/label><input type=\"text\" id=\"wpforms-156177-field_7\" class=\"wpforms-field-large wpforms-field-required wpforms-masked-input\" data-rule-inputmask-incomplete=\"1\" data-inputmask-mask=\"9999999999\" name=\"wpforms[fields][7]\" placeholder=\"Num\u00e9ro de t\u00e9l\u00e9phone\" aria-errormessage=\"wpforms-156177-field_7-error\" required><\/div><div id=\"wpforms-156177-field_4-container\" class=\"wpforms-field wpforms-field-select wpforms-one-half wpforms-field-select-style-classic\" data-field-id=\"4\"><label class=\"wpforms-field-label wpforms-label-hide\" for=\"wpforms-156177-field_4\" aria-hidden=\"false\">O\u00f9 avez-vous entendu parler de nous ? <span class=\"wpforms-required-label\" aria-hidden=\"true\">*<\/span><\/label><select id=\"wpforms-156177-field_4\" class=\"wpforms-field-large wpforms-field-required\" name=\"wpforms[fields][4]\" required=\"required\"><option value=\"\" class=\"placeholder\" disabled  selected='selected'>O\u00f9 avez-vous entendu parler de nous ?<\/option><option value=\"Google\"  class=\"choice-1 depth-1\"  >Google<\/option><option value=\"Facebook\"  class=\"choice-2 depth-1\"  >Facebook<\/option><option value=\"Instagram\"  class=\"choice-3 depth-1\"  >Instagram<\/option><option value=\"LinkedIn\"  class=\"choice-4 depth-1\"  >LinkedIn<\/option><option value=\"R\u00e9f\u00e9rence\"  class=\"choice-5 depth-1\"  >R\u00e9f\u00e9rence<\/option><\/select><\/div>\t\t<div id=\"wpforms-156177-field_3-container\"\n\t\t\tclass=\"wpforms-field wpforms-field-text\"\n\t\t\tdata-field-type=\"text\"\n\t\t\tdata-field-id=\"3\"\n\t\t\t>\n\t\t\t<label class=\"wpforms-field-label\" for=\"wpforms-156177-field_3\" >Questions commentaires t\u00e9l\u00e9phone<\/label>\n\t\t\t<input type=\"text\" id=\"wpforms-156177-field_3\" class=\"wpforms-field-medium\" name=\"wpforms[fields][3]\" >\n\t\t<\/div>\n\t\t<div id=\"wpforms-156177-field_5-container\" class=\"wpforms-field wpforms-field-checkbox wpforms-list-inline\" data-field-id=\"5\"><fieldset><legend class=\"wpforms-field-label\">Par quel(s) mod\u00e8le(s) \u00eates-vous int\u00e9ress\u00e9(e) ? <span class=\"wpforms-required-label\" aria-hidden=\"true\">*<\/span><\/legend><ul id=\"wpforms-156177-field_5\" class=\"wpforms-field-required wpforms-image-choices wpforms-image-choices-classic\"><li class=\"choice-1 depth-1 wpforms-image-choices-item\"><label class=\"wpforms-field-label-inline\" for=\"wpforms-156177-field_5_1\" tabindex=\"0\"><span class=\"wpforms-image-choices-image\"><img decoding=\"async\" src=\"https:\/\/groupelykke.com\/wp-content\/uploads\/2025\/04\/a-frame-3d.jpg\" alt=\"A-Frame\" title=\"A-Frame\"><\/span><input type=\"checkbox\" id=\"wpforms-156177-field_5_1\" class=\"wpforms-screen-reader-element\" name=\"wpforms[fields][5][]\" value=\"A-Frame\" aria-errormessage=\"wpforms-156177-field_5_1-error\" tabindex=\"-1\" required ><span class=\"wpforms-image-choices-label\">A-Frame<\/span><\/label><\/li><li class=\"choice-2 depth-1 wpforms-image-choices-item\"><label class=\"wpforms-field-label-inline\" for=\"wpforms-156177-field_5_2\" tabindex=\"0\"><span class=\"wpforms-image-choices-image\"><img decoding=\"async\" src=\"https:\/\/groupelykke.com\/wp-content\/uploads\/2025\/04\/grey-wolf-outside.jpg\" alt=\"Grey Wolf\" title=\"Grey Wolf\"><\/span><input type=\"checkbox\" id=\"wpforms-156177-field_5_2\" class=\"wpforms-screen-reader-element\" name=\"wpforms[fields][5][]\" value=\"Grey Wolf\" aria-errormessage=\"wpforms-156177-field_5_2-error\" tabindex=\"-1\" required ><span class=\"wpforms-image-choices-label\">Grey Wolf<\/span><\/label><\/li><li class=\"choice-3 depth-1 wpforms-image-choices-item\"><label class=\"wpforms-field-label-inline\" for=\"wpforms-156177-field_5_3\" tabindex=\"0\"><span class=\"wpforms-image-choices-image\"><img decoding=\"async\" src=\"https:\/\/groupelykke.com\/wp-content\/uploads\/2025\/08\/lagom-back.png\" alt=\"Snoheim\" title=\"Snoheim\"><\/span><input type=\"checkbox\" id=\"wpforms-156177-field_5_3\" class=\"wpforms-screen-reader-element\" name=\"wpforms[fields][5][]\" value=\"Snoheim\" aria-errormessage=\"wpforms-156177-field_5_3-error\" tabindex=\"-1\" required ><span class=\"wpforms-image-choices-label\">Snoheim<\/span><\/label><\/li><li class=\"choice-4 depth-1 wpforms-image-choices-item\"><label class=\"wpforms-field-label-inline\" for=\"wpforms-156177-field_5_4\" tabindex=\"0\"><span class=\"wpforms-image-choices-image\"><img decoding=\"async\" src=\"https:\/\/groupelykke.com\/wp-content\/uploads\/2025\/04\/varma-4-garden-view.jpg\" alt=\"V\u00e4rma\" title=\"V\u00e4rma\"><\/span><input type=\"checkbox\" id=\"wpforms-156177-field_5_4\" class=\"wpforms-screen-reader-element\" name=\"wpforms[fields][5][]\" value=\"V\u00e4rma\" aria-errormessage=\"wpforms-156177-field_5_4-error\" tabindex=\"-1\" required ><span class=\"wpforms-image-choices-label\">V\u00e4rma<\/span><\/label><\/li><li class=\"choice-5 depth-1 wpforms-image-choices-item\"><label class=\"wpforms-field-label-inline\" for=\"wpforms-156177-field_5_5\" tabindex=\"0\"><span class=\"wpforms-image-choices-image\"><img decoding=\"async\" src=\"https:\/\/groupelykke.com\/wp-content\/uploads\/2026\/04\/VUE-03-ASTUCIEUX.png\" alt=\"Astucieux\" title=\"Astucieux\"><\/span><input type=\"checkbox\" id=\"wpforms-156177-field_5_5\" class=\"wpforms-screen-reader-element\" name=\"wpforms[fields][5][]\" value=\"Astucieux\" aria-errormessage=\"wpforms-156177-field_5_5-error\" tabindex=\"-1\" required ><span class=\"wpforms-image-choices-label\">Astucieux<\/span><\/label><\/li><\/ul><\/fieldset><\/div><div id=\"wpforms-156177-field_6-container\" class=\"wpforms-field wpforms-field-textarea\" data-field-id=\"6\"><label class=\"wpforms-field-label wpforms-label-hide\" for=\"wpforms-156177-field_6\" aria-hidden=\"false\">Questions ou commentaires <span class=\"wpforms-required-label\" aria-hidden=\"true\">*<\/span><\/label><textarea id=\"wpforms-156177-field_6\" class=\"wpforms-field-medium wpforms-field-required\" name=\"wpforms[fields][6]\" placeholder=\"Questions ou commentaires\" aria-errormessage=\"wpforms-156177-field_6-error\" required><\/textarea><\/div><script>\n\t\t\t\t( function() {\n\t\t\t\t\tconst style = document.createElement( 'style' );\n\t\t\t\t\tstyle.appendChild( document.createTextNode( '#wpforms-156177-field_3-container { position: absolute !important; overflow: hidden !important; display: inline !important; height: 1px !important; width: 1px !important; z-index: -1000 !important; padding: 0 !important; } #wpforms-156177-field_3-container input { visibility: hidden; } #wpforms-conversational-form-page #wpforms-156177-field_3-container label { counter-increment: none; }' ) );\n\t\t\t\t\tdocument.head.appendChild( style );\n\t\t\t\t\tdocument.currentScript?.remove();\n\t\t\t\t} )();\n\t\t\t<\/script><\/div><!-- .wpforms-field-container --><div class=\"wpforms-submit-container\" ><input type=\"hidden\" name=\"wpforms[id]\" value=\"156177\"><input type=\"hidden\" name=\"page_title\" value=\"\"><input type=\"hidden\" name=\"page_url\" value=\"https:\/\/groupelykke.com\/en\/wp-json\/wp\/v2\/pages\/156434\"><input type=\"hidden\" name=\"url_referer\" value=\"\"><button type=\"submit\" name=\"wpforms[submit]\" id=\"wpforms-submit-156177\" class=\"wpforms-submit custom-link btn btn-lg btn-custom-typo font-175442 font-weight-500 text-initial no-letterspace border-width-0 btn-text-skin btn-accent btn-outline btn-icon-left btn-ripple-out btn-border-animated cursor-init\" data-alt-text=\"Envoi...\" data-submit-text=\"Soumettre\" aria-live=\"assertive\" value=\"wpforms-submit\">Soumettre<\/button><img decoding=\"async\" src=\"https:\/\/groupelykke.com\/wp-content\/plugins\/wpforms-lite\/assets\/images\/submit-spin.svg\" class=\"wpforms-submit-spinner\" style=\"display: none;\" width=\"26\" height=\"26\" alt=\"Loading\"><\/div><\/form><\/div>  <!-- .wpforms-container -->[\/vc_column][\/vc_row]<\/p>\n<\/div>","protected":false},"excerpt":{"rendered":"<p>[vc_row row_height_percent=&#8221;0&#8243; override_padding=&#8221;yes&#8221; h_padding=&#8221;2&#8243; top_padding=&#8221;5&#8243; bottom_padding=&#8221;5&#8243; overlay_alpha=&#8221;50&#8243; gutter_size=&#8221;4&#8243; column_width_percent=&#8221;100&#8243; shift_y=&#8221;0&#8243; z_index=&#8221;0&#8243; enable_top_divider=&#8221;default&#8221; top_divider=&#8221;step_2_3&#8243; shape_top_h_use_pixel=&#8221;true&#8221; shape_top_height_percent=&#8221;100&#8243; shape_top_color=&#8221;color-lxmt&#8221; shape_top_opacity=&#8221;100&#8243; shape_top_index=&#8221;0&#8243;][vc_column column_width_percent=&#8221;100&#8243; position_vertical=&#8221;middle&#8221; [&hellip;]<\/p>\n","protected":false},"author":2,"featured_media":0,"parent":0,"menu_order":0,"comment_status":"closed","ping_status":"closed","template":"","meta":{"footnotes":""},"class_list":["post-156434","page","type-page","status-publish","hentry"],"aioseo_notices":[],"_links":{"self":[{"href":"https:\/\/groupelykke.com\/en\/wp-json\/wp\/v2\/pages\/156434","targetHints":{"allow":["GET"]}}],"collection":[{"href":"https:\/\/groupelykke.com\/en\/wp-json\/wp\/v2\/pages"}],"about":[{"href":"https:\/\/groupelykke.com\/en\/wp-json\/wp\/v2\/types\/page"}],"author":[{"embeddable":true,"href":"https:\/\/groupelykke.com\/en\/wp-json\/wp\/v2\/users\/2"}],"replies":[{"embeddable":true,"href":"https:\/\/groupelykke.com\/en\/wp-json\/wp\/v2\/comments?post=156434"}],"version-history":[{"count":3,"href":"https:\/\/groupelykke.com\/en\/wp-json\/wp\/v2\/pages\/156434\/revisions"}],"predecessor-version":[{"id":156443,"href":"https:\/\/groupelykke.com\/en\/wp-json\/wp\/v2\/pages\/156434\/revisions\/156443"}],"wp:attachment":[{"href":"https:\/\/groupelykke.com\/en\/wp-json\/wp\/v2\/media?parent=156434"}],"curies":[{"name":"wp","href":"https:\/\/api.w.org\/{rel}","templated":true}]}}