{"id":156593,"date":"2025-04-26T15:21:00","date_gmt":"2025-04-26T15:21:00","guid":{"rendered":"https:\/\/groupelykke.com\/models\/grey-wolf\/"},"modified":"2025-06-20T00:40:41","modified_gmt":"2025-06-20T00:40:41","slug":"grey-wolf","status":"publish","type":"page","link":"https:\/\/groupelykke.com\/en\/models\/grey-wolf\/","title":{"rendered":"Grey Wolf"},"content":{"rendered":"<div class=\"wpb-content-wrapper\"><p>[vc_row row_height_percent=&#8221;70&#8243; back_color=&#8221;color-wayh&#8221; back_image=&#8221;156017&#8243; overlay_alpha=&#8221;50&#8243; gutter_size=&#8221;3&#8243; column_width_percent=&#8221;100&#8243; shift_y=&#8221;0&#8243; z_index=&#8221;0&#8243; content_parallax=&#8221;2&#8243; uncode_shortcode_id=&#8221;927359&#8243; back_color_type=&#8221;uncode-palette&#8221;][vc_column column_width_percent=&#8221;100&#8243; gutter_size=&#8221;3&#8243; style=&#8221;dark&#8221; overlay_alpha=&#8221;50&#8243; shift_x=&#8221;0&#8243; shift_y=&#8221;0&#8243; shift_y_down=&#8221;0&#8243; z_index=&#8221;0&#8243; medium_width=&#8221;0&#8243; mobile_width=&#8221;0&#8243; width=&#8221;1\/1&#8243;][\/vc_column][\/vc_row][vc_row row_height_percent=&#8221;0&#8243; override_padding=&#8221;yes&#8221; h_padding=&#8221;2&#8243; top_padding=&#8221;0&#8243; bottom_padding=&#8221;0&#8243; overlay_alpha=&#8221;50&#8243; gutter_size=&#8221;3&#8243; column_width_percent=&#8221;100&#8243; shift_y=&#8221;0&#8243; z_index=&#8221;0&#8243; content_parallax=&#8221;0&#8243; uncode_shortcode_id=&#8221;213680&#8243;][vc_column column_width_percent=&#8221;100&#8243; gutter_size=&#8221;3&#8243; override_padding=&#8221;yes&#8221; column_padding=&#8221;3&#8243; back_color=&#8221;color-xsdn&#8221; overlay_alpha=&#8221;50&#8243; shift_x=&#8221;0&#8243; shift_y=&#8221;-4&#8243; shift_y_fixed=&#8221;yes&#8221; shift_y_down=&#8221;0&#8243; z_index=&#8221;0&#8243; medium_width=&#8221;0&#8243; mobile_width=&#8221;0&#8243; width=&#8221;1\/1&#8243;][vc_row_inner row_inner_height_percent=&#8221;0&#8243; overlay_alpha=&#8221;50&#8243; equal_height=&#8221;yes&#8221; gutter_size=&#8221;0&#8243; shift_y=&#8221;0&#8243; limit_content=&#8221;&#8221;][vc_column_inner column_width_percent=&#8221;100&#8243; position_vertical=&#8221;middle&#8221; align_horizontal=&#8221;align_center&#8221; gutter_size=&#8221;3&#8243; override_padding=&#8221;yes&#8221; column_padding=&#8221;3&#8243; overlay_alpha=&#8221;50&#8243; preserve_border=&#8221;yes&#8221; preserve_border_tablet=&#8221;yes&#8221; border_color=&#8221;color-gyho&#8221; border_style=&#8221;solid&#8221; shift_x=&#8221;0&#8243; shift_y=&#8221;0&#8243; shift_y_down=&#8221;0&#8243; z_index=&#8221;0&#8243; medium_width=&#8221;2&#8243; mobile_width=&#8221;0&#8243; width=&#8221;3\/12&#8243; css=&#8221;.vc_custom_1623402307846{border-right-width: 1px !important;}&#8221; uncode_shortcode_id=&#8221;301232&#8243; border_color_type=&#8221;uncode-palette&#8221;][vc_custom_heading heading_semantic=&#8221;h3&#8243; text_size=&#8221;h3&#8243; text_weight=&#8221;400&#8243; text_transform=&#8221;uppercase&#8221; uncode_shortcode_id=&#8221;126010&#8243;]The Grey Wolf[\/vc_custom_heading][\/vc_column_inner][vc_column_inner column_width_percent=&#8221;100&#8243; position_vertical=&#8221;middle&#8221; gutter_size=&#8221;3&#8243; override_padding=&#8221;yes&#8221; column_padding=&#8221;3&#8243; overlay_alpha=&#8221;50&#8243; shift_x=&#8221;0&#8243; shift_y=&#8221;0&#8243; shift_y_down=&#8221;0&#8243; z_index=&#8221;0&#8243; medium_width=&#8221;6&#8243; align_mobile=&#8221;align_center_mobile&#8221; mobile_width=&#8221;0&#8243; width=&#8221;9\/12&#8243;][vc_custom_heading text_size=&#8221;&#8221; text_weight=&#8221;400&#8243; uncode_shortcode_id=&#8221;163442&#8243;]<span style=\"font-weight: 400;\">The Grey Wolf, an exceptional property anchored in Chertsey<\/span>[\/vc_custom_heading][\/vc_column_inner][\/vc_row_inner][\/vc_column][\/vc_row][vc_row row_height_percent=&#8221;0&#8243; override_padding=&#8221;yes&#8221; h_padding=&#8221;2&#8243; top_padding=&#8221;0&#8243; bottom_padding=&#8221;0&#8243; overlay_alpha=&#8221;50&#8243; gutter_size=&#8221;3&#8243; column_width_percent=&#8221;100&#8243; shift_y=&#8221;0&#8243; z_index=&#8221;0&#8243;][vc_column column_width_use_pixel=&#8221;yes&#8221; gutter_size=&#8221;2&#8243; font_family=&#8221;font-165032&#8243; overlay_alpha=&#8221;50&#8243; shift_x=&#8221;0&#8243; shift_y=&#8221;0&#8243; shift_y_down=&#8221;0&#8243; z_index=&#8221;0&#8243; medium_width=&#8221;0&#8243; align_mobile=&#8221;align_center_mobile&#8221; mobile_width=&#8221;0&#8243; width=&#8221;1\/1&#8243; column_width_pixel=&#8221;800&#8243; uncode_shortcode_id=&#8221;123027&#8243;][vc_column_text text_lead=&#8221;yes&#8221; uncode_shortcode_id=&#8221;211691&#8243;]Welcome to the <strong>\u201cGrey Wolf,<\/strong>\u201d an exceptional home anchored in <strong>Chertsey<\/strong>, in the inspiring <strong>Lanaudi\u00e8re<\/strong> region. Harmonizing luxury and nature, \u201cLe Grey Wolf\u201d stands proudly near the <strong>Montcalm<\/strong> and <strong>Saint-C\u00f4me<\/strong> <strong>ski slopes<\/strong>, as well as the famous <strong>La Source spa in Rawdon<\/strong>. This idyllic setting is enhanced by notarized access to tranquil <strong>Lac Jaune<\/strong>, a haven of serenity untouched by motorboats.[\/vc_column_text][vc_column_text text_lead=&#8221;yes&#8221; uncode_shortcode_id=&#8221;151545&#8243;]This <strong>spacious<\/strong> <strong>2,596-square-foot<\/strong> model boasts modern Scandinavian architecture, marrying <strong>four<\/strong> elegant <strong>bedrooms<\/strong> and <strong>two<\/strong> contemporary <strong>bathrooms<\/strong>. The living room, adorned with a majestic cathedral ceiling, forms the heart of \u201cLe Grey Wolf,\u201d where comfort and aesthetics meet.[\/vc_column_text][vc_button size=&#8221;btn-lg&#8221; border_animation=&#8221;btn-ripple-in&#8221; border_width=&#8221;0&#8243; link=&#8221;url:https%3A%2F%2Fgroupelykke.com%2Fwp-content%2Fuploads%2F2025%2F06%2FPRESENTATION-GREY-WOLF.pdf|target:_blank|&#8221; uncode_shortcode_id=&#8221;901735&#8243; icon=&#8221;fa fa-download3&#8243;]Download complete information[\/vc_button][\/vc_column][\/vc_row][vc_row row_height_percent=&#8221;0&#8243; override_padding=&#8221;yes&#8221; h_padding=&#8221;2&#8243; top_padding=&#8221;4&#8243; bottom_padding=&#8221;4&#8243; overlay_alpha=&#8221;50&#8243; gutter_size=&#8221;3&#8243; column_width_percent=&#8221;100&#8243; shift_y=&#8221;0&#8243; z_index=&#8221;0&#8243;][vc_column width=&#8221;1\/1&#8243;][vc_gallery el_id=&#8221;gallery-1514825&#8243; isotope_mode=&#8221;fitRows&#8221; medias=&#8221;156017,156016&#8243; gutter_size=&#8221;3&#8243; screen_lg=&#8221;480&#8243; screen_md=&#8221;480&#8243; screen_sm=&#8221;200&#8243; single_width=&#8221;6&#8243; single_overlay_opacity=&#8221;20&#8243; single_image_anim=&#8221;no&#8221; single_h_align=&#8221;center&#8221; single_padding=&#8221;2&#8243; single_icon=&#8221;fa fa-plus2&#8243; single_border=&#8221;yes&#8221; items=&#8221;eyI1NjY4OF9pIjp7InNpbmdsZV9pY29uIjoiIiwic2luZ2xlX3dpZHRoIjoiMTIiLCJpbWFnZXNfc2l6ZSI6InNpeHRlZW4tbmluZSJ9LCI1ODQ3MF9pIjp7InNpbmdsZV93aWR0aCI6IjEyIiwiaW1hZ2VzX3NpemUiOiJmb3VyLXRocmVlIn19&#8243; uncode_shortcode_id=&#8221;149671&#8243;][\/vc_column][\/vc_row][vc_row row_height_percent=&#8221;0&#8243; override_padding=&#8221;yes&#8221; h_padding=&#8221;2&#8243; top_padding=&#8221;0&#8243; bottom_padding=&#8221;4&#8243; overlay_alpha=&#8221;50&#8243; gutter_size=&#8221;3&#8243; column_width_percent=&#8221;100&#8243; shift_y=&#8221;0&#8243; z_index=&#8221;0&#8243;][vc_column column_width_use_pixel=&#8221;yes&#8221; gutter_size=&#8221;4&#8243; font_family=&#8221;font-165032&#8243; overlay_alpha=&#8221;50&#8243; shift_x=&#8221;0&#8243; shift_y=&#8221;0&#8243; shift_y_down=&#8221;0&#8243; z_index=&#8221;0&#8243; medium_width=&#8221;0&#8243; align_mobile=&#8221;align_center_mobile&#8221; mobile_width=&#8221;0&#8243; width=&#8221;1\/1&#8243; column_width_pixel=&#8221;800&#8243;][vc_row_inner limit_content=&#8221;&#8221;][vc_column_inner column_width_percent=&#8221;100&#8243; align_horizontal=&#8221;align_center&#8221; gutter_size=&#8221;2&#8243; overlay_alpha=&#8221;50&#8243; shift_x=&#8221;0&#8243; shift_y=&#8221;0&#8243; shift_y_down=&#8221;0&#8243; z_index=&#8221;0&#8243; medium_width=&#8221;0&#8243; mobile_width=&#8221;0&#8243; width=&#8221;1\/1&#8243;][vc_custom_heading heading_semantic=&#8221;h1&#8243; text_size=&#8221;h1&#8243; text_weight=&#8221;400&#8243; uncode_shortcode_id=&#8221;944615&#8243;]An art of living inspired by nature[\/vc_custom_heading][\/vc_column_inner][\/vc_row_inner][vc_column_text text_lead=&#8221;yes&#8221; uncode_shortcode_id=&#8221;138046&#8243;]Proudly bearing its name,<strong>\u201cLe Grey Wolf<\/strong>\u201d embodies a philosophy of living where <strong>nature<\/strong> and <strong>elegance<\/strong> unite. Its Scandinavian design favors clean lines and <strong>natural materials<\/strong>, offering an aesthetic that is both refined and functional. The property is equipped with <strong>advanced eco-energy solutions<\/strong>, affirming our commitment to the environment. Carefully selected, <strong>sustainable materials<\/strong> blend seamlessly into the landscape, guaranteeing<strong> low ecological impact<\/strong> and an <strong>optimized energy balance<\/strong>.[\/vc_column_text][\/vc_column][\/vc_row][vc_row row_height_percent=&#8221;0&#8243; override_padding=&#8221;yes&#8221; h_padding=&#8221;2&#8243; top_padding=&#8221;0&#8243; bottom_padding=&#8221;4&#8243; overlay_alpha=&#8221;50&#8243; gutter_size=&#8221;3&#8243; column_width_percent=&#8221;100&#8243; shift_y=&#8221;0&#8243; z_index=&#8221;0&#8243;][vc_column width=&#8221;1\/1&#8243;][vc_gallery el_id=&#8221;gallery-15148250&#8243; isotope_mode=&#8221;fitRows&#8221; medias=&#8221;156049,156050,156048,156047,156045,156044,156043,156046&#8243; gutter_size=&#8221;3&#8243; screen_lg=&#8221;480&#8243; screen_md=&#8221;480&#8243; screen_sm=&#8221;200&#8243; single_width=&#8221;3&#8243; images_size=&#8221;one-one&#8221; single_overlay_opacity=&#8221;20&#8243; single_image_anim=&#8221;no&#8221; single_h_align=&#8221;center&#8221; single_padding=&#8221;2&#8243; single_icon=&#8221;fa fa-plus2&#8243; single_border=&#8221;yes&#8221; items=&#8221;eyI1NjY4OF9pIjp7InNpbmdsZV9pY29uIjoiIiwic2luZ2xlX3dpZHRoIjoiMTIiLCJpbWFnZXNfc2l6ZSI6InNpeHRlZW4tbmluZSJ9LCI1ODQ3MF9pIjp7InNpbmdsZV93aWR0aCI6IjEyIiwiaW1hZ2VzX3NpemUiOiJmb3VyLXRocmVlIn19&#8243; uncode_shortcode_id=&#8221;103324&#8243;][\/vc_column][\/vc_row][vc_row row_height_percent=&#8221;0&#8243; override_padding=&#8221;yes&#8221; h_padding=&#8221;2&#8243; top_padding=&#8221;0&#8243; bottom_padding=&#8221;4&#8243; overlay_alpha=&#8221;50&#8243; gutter_size=&#8221;3&#8243; column_width_percent=&#8221;100&#8243; shift_y=&#8221;0&#8243; z_index=&#8221;0&#8243;][vc_column column_width_use_pixel=&#8221;yes&#8221; gutter_size=&#8221;4&#8243; font_family=&#8221;font-165032&#8243; overlay_alpha=&#8221;50&#8243; shift_x=&#8221;0&#8243; shift_y=&#8221;0&#8243; shift_y_down=&#8221;0&#8243; z_index=&#8221;0&#8243; medium_width=&#8221;0&#8243; align_mobile=&#8221;align_center_mobile&#8221; mobile_width=&#8221;0&#8243; width=&#8221;1\/1&#8243; column_width_pixel=&#8221;800&#8243;][vc_row_inner limit_content=&#8221;&#8221;][vc_column_inner column_width_percent=&#8221;100&#8243; align_horizontal=&#8221;align_center&#8221; gutter_size=&#8221;2&#8243; overlay_alpha=&#8221;50&#8243; shift_x=&#8221;0&#8243; shift_y=&#8221;0&#8243; shift_y_down=&#8221;0&#8243; z_index=&#8221;0&#8243; medium_width=&#8221;0&#8243; mobile_width=&#8221;0&#8243; width=&#8221;1\/1&#8243;][vc_custom_heading heading_semantic=&#8221;h1&#8243; text_size=&#8221;h1&#8243; text_weight=&#8221;400&#8243; uncode_shortcode_id=&#8221;158292&#8243;]A refined immersion in raw beauty[\/vc_custom_heading][\/vc_column_inner][\/vc_row_inner][vc_column_text text_lead=&#8221;yes&#8221; uncode_shortcode_id=&#8221;364389&#8243;]The large windows offer not only sublime panoramas of lush nature, but also <strong>enhanced thermal efficiency<\/strong>, relying on<strong>passive energy<\/strong> for optimal resource management.<strong>\u201cLe Grey Wolf<\/strong>\u201d is a hymn to Scandinavian simplicity and raw beauty, an invitation to reconnect with the essentials in an environment that blurs the line between modern luxury and natural purity.<\/p>\n<p>At<strong>\u201cLe Grey Wolf<\/strong>,\u201d every stay is a unique experience that combines comfort, style and respect for the environment, in perfect symbiosis with its wild, untamed setting.[\/vc_column_text][\/vc_column][\/vc_row][vc_row row_height_percent=&#8221;0&#8243; overlay_alpha=&#8221;50&#8243; gutter_size=&#8221;3&#8243; column_width_percent=&#8221;100&#8243; shift_y=&#8221;0&#8243; z_index=&#8221;0&#8243; content_parallax=&#8221;0&#8243; uncode_shortcode_id=&#8221;689402&#8243; css=&#8221;.vc_custom_1747359321167{padding-bottom: 0px !important;}&#8221;][vc_column column_width_percent=&#8221;100&#8243; align_horizontal=&#8221;align_center&#8221; gutter_size=&#8221;3&#8243; override_padding=&#8221;yes&#8221; column_padding=&#8221;0&#8243; overlay_alpha=&#8221;50&#8243; shift_x=&#8221;0&#8243; shift_y=&#8221;0&#8243; shift_y_down=&#8221;0&#8243; z_index=&#8221;0&#8243; medium_width=&#8221;0&#8243; mobile_width=&#8221;0&#8243; width=&#8221;1\/1&#8243; uncode_shortcode_id=&#8221;202360&#8243; css=&#8221;.vc_custom_1747359354661{padding-bottom: 0px !important;}&#8221;][vc_column_text text_lead=&#8221;yes&#8221; uncode_shortcode_id=&#8221;675427&#8243;]Contact us[\/vc_column_text][vc_row_inner][vc_column_inner width=&#8221;1\/6&#8243;][\/vc_column_inner][vc_column_inner width=&#8221;2\/3&#8243;]<style id=\"wpforms-css-vars-156177\">\n\t\t\t\t#wpforms-156177 {\n\t\t\t\t--wpforms-container-padding: 0px;\n--wpforms-container-border-width: 1px;\n--wpforms-container-border-radius: 3px;\n--wpforms-background-color: rgba(0, 0, 0, 0);\n--wpforms-field-size-input-height: 43px;\n--wpforms-field-size-input-spacing: 15px;\n--wpforms-field-size-font-size: 16px;\n--wpforms-field-size-line-height: 19px;\n--wpforms-field-size-padding-h: 14px;\n--wpforms-field-size-checkbox-size: 16px;\n--wpforms-field-size-sublabel-spacing: 5px;\n--wpforms-field-size-icon-size: 1;\n--wpforms-label-size-font-size: 16px;\n--wpforms-label-size-line-height: 19px;\n--wpforms-label-size-sublabel-font-size: 14px;\n--wpforms-label-size-sublabel-line-height: 17px;\n--wpforms-button-size-font-size: 17px;\n--wpforms-button-size-height: 41px;\n--wpforms-button-size-padding-h: 15px;\n--wpforms-button-size-margin-top: 10px;\n--wpforms-container-shadow-size-box-shadow: none;\n\t\t\t}\n\t\t\t<\/style><div class=\"wpforms-container wpforms-container-full wpforms-render-modern\" id=\"wpforms-156177\"><form id=\"wpforms-form-156177\" class=\"wpforms-validate wpforms-form wpforms-ajax-form\" data-formid=\"156177\" method=\"post\" enctype=\"multipart\/form-data\" action=\"\/en\/wp-json\/wp\/v2\/pages\/156593\" data-token=\"360fc7d9e7a7051cf6660d2aca1ce78e\" data-token-time=\"1777222023\"><noscript class=\"wpforms-error-noscript\">Please enable JavaScript in your browser to complete this form.<\/noscript><div id=\"wpforms-error-noscript\" style=\"display: none;\">Please enable JavaScript in your browser to complete this form.<\/div><div class=\"wpforms-field-container\"><div id=\"wpforms-156177-field_1-container\" class=\"wpforms-field wpforms-field-text wpforms-one-half wpforms-first\" data-field-id=\"1\"><label class=\"wpforms-field-label wpforms-label-hide\" for=\"wpforms-156177-field_1\" aria-hidden=\"false\">Nom <span class=\"wpforms-required-label\" aria-hidden=\"true\">*<\/span><\/label><input type=\"text\" id=\"wpforms-156177-field_1\" class=\"wpforms-field-large wpforms-field-required\" name=\"wpforms[fields][1]\" placeholder=\"Nom\" aria-errormessage=\"wpforms-156177-field_1-error\" required><\/div>\t\t<div id=\"wpforms-156177-field_3-container\"\n\t\t\tclass=\"wpforms-field wpforms-field-text\"\n\t\t\tdata-field-type=\"text\"\n\t\t\tdata-field-id=\"3\"\n\t\t\t>\n\t\t\t<label class=\"wpforms-field-label\" for=\"wpforms-156177-field_3\" >Courriel Nom ?<\/label>\n\t\t\t<input type=\"text\" id=\"wpforms-156177-field_3\" class=\"wpforms-field-medium\" name=\"wpforms[fields][3]\" >\n\t\t<\/div>\n\t\t<div id=\"wpforms-156177-field_2-container\" class=\"wpforms-field wpforms-field-email wpforms-one-half\" data-field-id=\"2\"><label class=\"wpforms-field-label wpforms-label-hide\" for=\"wpforms-156177-field_2\" aria-hidden=\"false\">Courriel <span class=\"wpforms-required-label\" aria-hidden=\"true\">*<\/span><\/label><input type=\"email\" id=\"wpforms-156177-field_2\" class=\"wpforms-field-large wpforms-field-required\" name=\"wpforms[fields][2]\" placeholder=\"Courriel\" spellcheck=\"false\" aria-errormessage=\"wpforms-156177-field_2-error\" required><\/div><div id=\"wpforms-156177-field_7-container\" class=\"wpforms-field wpforms-field-text wpforms-one-half wpforms-first\" data-field-id=\"7\"><label class=\"wpforms-field-label wpforms-label-hide\" for=\"wpforms-156177-field_7\" aria-hidden=\"false\">Num\u00e9ro de t\u00e9l\u00e9phone <span class=\"wpforms-required-label\" aria-hidden=\"true\">*<\/span><\/label><input type=\"text\" id=\"wpforms-156177-field_7\" class=\"wpforms-field-large wpforms-field-required wpforms-masked-input\" data-rule-inputmask-incomplete=\"1\" data-inputmask-mask=\"9999999999\" name=\"wpforms[fields][7]\" placeholder=\"Num\u00e9ro de t\u00e9l\u00e9phone\" aria-errormessage=\"wpforms-156177-field_7-error\" required><\/div><div id=\"wpforms-156177-field_4-container\" class=\"wpforms-field wpforms-field-select wpforms-one-half wpforms-field-select-style-classic\" data-field-id=\"4\"><label class=\"wpforms-field-label wpforms-label-hide\" for=\"wpforms-156177-field_4\" aria-hidden=\"false\">O\u00f9 avez-vous entendu parler de nous ? <span class=\"wpforms-required-label\" aria-hidden=\"true\">*<\/span><\/label><select id=\"wpforms-156177-field_4\" class=\"wpforms-field-large wpforms-field-required\" name=\"wpforms[fields][4]\" required=\"required\"><option value=\"\" class=\"placeholder\" disabled  selected='selected'>O\u00f9 avez-vous entendu parler de nous ?<\/option><option value=\"Google\"  class=\"choice-1 depth-1\"  >Google<\/option><option value=\"Facebook\"  class=\"choice-2 depth-1\"  >Facebook<\/option><option value=\"Instagram\"  class=\"choice-3 depth-1\"  >Instagram<\/option><option value=\"LinkedIn\"  class=\"choice-4 depth-1\"  >LinkedIn<\/option><option value=\"R\u00e9f\u00e9rence\"  class=\"choice-5 depth-1\"  >R\u00e9f\u00e9rence<\/option><\/select><\/div><div id=\"wpforms-156177-field_5-container\" class=\"wpforms-field wpforms-field-checkbox wpforms-list-inline\" data-field-id=\"5\"><fieldset><legend class=\"wpforms-field-label\">Par quel(s) mod\u00e8le(s) \u00eates-vous int\u00e9ress\u00e9(e) ? <span class=\"wpforms-required-label\" aria-hidden=\"true\">*<\/span><\/legend><ul id=\"wpforms-156177-field_5\" class=\"wpforms-field-required wpforms-image-choices wpforms-image-choices-classic\"><li class=\"choice-1 depth-1 wpforms-image-choices-item\"><label class=\"wpforms-field-label-inline\" for=\"wpforms-156177-field_5_1\" tabindex=\"0\"><span class=\"wpforms-image-choices-image\"><img decoding=\"async\" src=\"https:\/\/groupelykke.com\/wp-content\/uploads\/2025\/04\/a-frame-3d.jpg\" alt=\"A-Frame\" title=\"A-Frame\"><\/span><input type=\"checkbox\" id=\"wpforms-156177-field_5_1\" class=\"wpforms-screen-reader-element\" name=\"wpforms[fields][5][]\" value=\"A-Frame\" aria-errormessage=\"wpforms-156177-field_5_1-error\" tabindex=\"-1\" required ><span class=\"wpforms-image-choices-label\">A-Frame<\/span><\/label><\/li><li class=\"choice-2 depth-1 wpforms-image-choices-item\"><label class=\"wpforms-field-label-inline\" for=\"wpforms-156177-field_5_2\" tabindex=\"0\"><span class=\"wpforms-image-choices-image\"><img decoding=\"async\" src=\"https:\/\/groupelykke.com\/wp-content\/uploads\/2025\/04\/grey-wolf-outside.jpg\" alt=\"Grey Wolf\" title=\"Grey Wolf\"><\/span><input type=\"checkbox\" id=\"wpforms-156177-field_5_2\" class=\"wpforms-screen-reader-element\" name=\"wpforms[fields][5][]\" value=\"Grey Wolf\" aria-errormessage=\"wpforms-156177-field_5_2-error\" tabindex=\"-1\" required ><span class=\"wpforms-image-choices-label\">Grey Wolf<\/span><\/label><\/li><li class=\"choice-3 depth-1 wpforms-image-choices-item\"><label class=\"wpforms-field-label-inline\" for=\"wpforms-156177-field_5_3\" tabindex=\"0\"><span class=\"wpforms-image-choices-image\"><img decoding=\"async\" src=\"https:\/\/groupelykke.com\/wp-content\/uploads\/2025\/08\/lagom-back.png\" alt=\"Snoheim\" title=\"Snoheim\"><\/span><input type=\"checkbox\" id=\"wpforms-156177-field_5_3\" class=\"wpforms-screen-reader-element\" name=\"wpforms[fields][5][]\" value=\"Snoheim\" aria-errormessage=\"wpforms-156177-field_5_3-error\" tabindex=\"-1\" required ><span class=\"wpforms-image-choices-label\">Snoheim<\/span><\/label><\/li><li class=\"choice-4 depth-1 wpforms-image-choices-item\"><label class=\"wpforms-field-label-inline\" for=\"wpforms-156177-field_5_4\" tabindex=\"0\"><span class=\"wpforms-image-choices-image\"><img decoding=\"async\" src=\"https:\/\/groupelykke.com\/wp-content\/uploads\/2025\/04\/varma-4-garden-view.jpg\" alt=\"V\u00e4rma\" title=\"V\u00e4rma\"><\/span><input type=\"checkbox\" id=\"wpforms-156177-field_5_4\" class=\"wpforms-screen-reader-element\" name=\"wpforms[fields][5][]\" value=\"V\u00e4rma\" aria-errormessage=\"wpforms-156177-field_5_4-error\" tabindex=\"-1\" required ><span class=\"wpforms-image-choices-label\">V\u00e4rma<\/span><\/label><\/li><li class=\"choice-5 depth-1 wpforms-image-choices-item\"><label class=\"wpforms-field-label-inline\" for=\"wpforms-156177-field_5_5\" tabindex=\"0\"><span class=\"wpforms-image-choices-image\"><img decoding=\"async\" src=\"https:\/\/groupelykke.com\/wp-content\/uploads\/2026\/04\/VUE-03-ASTUCIEUX.png\" alt=\"Astucieux\" title=\"Astucieux\"><\/span><input type=\"checkbox\" id=\"wpforms-156177-field_5_5\" class=\"wpforms-screen-reader-element\" name=\"wpforms[fields][5][]\" value=\"Astucieux\" aria-errormessage=\"wpforms-156177-field_5_5-error\" tabindex=\"-1\" required ><span class=\"wpforms-image-choices-label\">Astucieux<\/span><\/label><\/li><\/ul><\/fieldset><\/div><div id=\"wpforms-156177-field_6-container\" class=\"wpforms-field wpforms-field-textarea\" data-field-id=\"6\"><label class=\"wpforms-field-label wpforms-label-hide\" for=\"wpforms-156177-field_6\" aria-hidden=\"false\">Questions ou commentaires <span class=\"wpforms-required-label\" aria-hidden=\"true\">*<\/span><\/label><textarea id=\"wpforms-156177-field_6\" class=\"wpforms-field-medium wpforms-field-required\" name=\"wpforms[fields][6]\" placeholder=\"Questions ou commentaires\" aria-errormessage=\"wpforms-156177-field_6-error\" required><\/textarea><\/div><script>\n\t\t\t\t( function() {\n\t\t\t\t\tconst style = document.createElement( 'style' );\n\t\t\t\t\tstyle.appendChild( document.createTextNode( '#wpforms-156177-field_3-container { position: absolute !important; overflow: hidden !important; display: inline !important; height: 1px !important; width: 1px !important; z-index: -1000 !important; padding: 0 !important; } #wpforms-156177-field_3-container input { visibility: hidden; } #wpforms-conversational-form-page #wpforms-156177-field_3-container label { counter-increment: none; }' ) );\n\t\t\t\t\tdocument.head.appendChild( style );\n\t\t\t\t\tdocument.currentScript?.remove();\n\t\t\t\t} )();\n\t\t\t<\/script><\/div><!-- .wpforms-field-container --><div class=\"wpforms-submit-container\" ><input type=\"hidden\" name=\"wpforms[id]\" value=\"156177\"><input type=\"hidden\" name=\"page_title\" value=\"\"><input type=\"hidden\" name=\"page_url\" value=\"https:\/\/groupelykke.com\/en\/wp-json\/wp\/v2\/pages\/156593\"><input type=\"hidden\" name=\"url_referer\" value=\"\"><button type=\"submit\" name=\"wpforms[submit]\" id=\"wpforms-submit-156177\" class=\"wpforms-submit custom-link btn btn-lg btn-custom-typo font-175442 font-weight-500 text-initial no-letterspace border-width-0 btn-text-skin btn-accent btn-outline btn-icon-left btn-ripple-out btn-border-animated cursor-init\" data-alt-text=\"Envoi...\" data-submit-text=\"Soumettre\" aria-live=\"assertive\" value=\"wpforms-submit\">Soumettre<\/button><img decoding=\"async\" src=\"https:\/\/groupelykke.com\/wp-content\/plugins\/wpforms-lite\/assets\/images\/submit-spin.svg\" class=\"wpforms-submit-spinner\" style=\"display: none;\" width=\"26\" height=\"26\" alt=\"Loading\"><\/div><\/form><\/div>  <!-- .wpforms-container -->[\/vc_column_inner][vc_column_inner width=&#8221;1\/6&#8243;][\/vc_column_inner][\/vc_row_inner][\/vc_column][\/vc_row]<\/p>\n<\/div>","protected":false},"excerpt":{"rendered":"<p>[vc_row row_height_percent=&#8221;70&#8243; back_color=&#8221;color-wayh&#8221; back_image=&#8221;156017&#8243; overlay_alpha=&#8221;50&#8243; gutter_size=&#8221;3&#8243; column_width_percent=&#8221;100&#8243; shift_y=&#8221;0&#8243; z_index=&#8221;0&#8243; content_parallax=&#8221;2&#8243; uncode_shortcode_id=&#8221;927359&#8243; back_color_type=&#8221;uncode-palette&#8221;][vc_column column_width_percent=&#8221;100&#8243; gutter_size=&#8221;3&#8243; style=&#8221;dark&#8221; overlay_alpha=&#8221;50&#8243; shift_x=&#8221;0&#8243; shift_y=&#8221;0&#8243; shift_y_down=&#8221;0&#8243; z_index=&#8221;0&#8243; [&hellip;]<\/p>\n","protected":false},"author":2,"featured_media":0,"parent":156444,"menu_order":0,"comment_status":"closed","ping_status":"closed","template":"","meta":{"footnotes":""},"class_list":["post-156593","page","type-page","status-publish","hentry"],"aioseo_notices":[],"_links":{"self":[{"href":"https:\/\/groupelykke.com\/en\/wp-json\/wp\/v2\/pages\/156593","targetHints":{"allow":["GET"]}}],"collection":[{"href":"https:\/\/groupelykke.com\/en\/wp-json\/wp\/v2\/pages"}],"about":[{"href":"https:\/\/groupelykke.com\/en\/wp-json\/wp\/v2\/types\/page"}],"author":[{"embeddable":true,"href":"https:\/\/groupelykke.com\/en\/wp-json\/wp\/v2\/users\/2"}],"replies":[{"embeddable":true,"href":"https:\/\/groupelykke.com\/en\/wp-json\/wp\/v2\/comments?post=156593"}],"version-history":[{"count":14,"href":"https:\/\/groupelykke.com\/en\/wp-json\/wp\/v2\/pages\/156593\/revisions"}],"predecessor-version":[{"id":156729,"href":"https:\/\/groupelykke.com\/en\/wp-json\/wp\/v2\/pages\/156593\/revisions\/156729"}],"up":[{"embeddable":true,"href":"https:\/\/groupelykke.com\/en\/wp-json\/wp\/v2\/pages\/156444"}],"wp:attachment":[{"href":"https:\/\/groupelykke.com\/en\/wp-json\/wp\/v2\/media?parent=156593"}],"curies":[{"name":"wp","href":"https:\/\/api.w.org\/{rel}","templated":true}]}}