{"id":156435,"date":"2025-05-05T00:04:44","date_gmt":"2025-05-05T00:04:44","guid":{"rendered":"https:\/\/groupelykke.com\/construccion-de-viviendas-de-lujo\/"},"modified":"2025-06-10T23:35:15","modified_gmt":"2025-06-10T23:35:15","slug":"construccion-de-viviendas-de-lujo","status":"publish","type":"page","link":"https:\/\/groupelykke.com\/es\/construccion-de-viviendas-de-lujo\/","title":{"rendered":"Construcci\u00f3n de viviendas de lujo"},"content":{"rendered":"<div class=\"wpb-content-wrapper\"><p>[vc_row row_height_percent=\u00bb0&#8243; override_padding=\u00bbyes\u00bb h_padding=\u00bb2&#8243; top_padding=\u00bb5&#8243; bottom_padding=\u00bb5&#8243; overlay_alpha=\u00bb50&#8243; gutter_size=\u00bb4&#8243; column_width_percent=\u00bb100&#8243; shift_y=\u00bb0&#8243; z_index=\u00bb0&#8243; enable_top_divider=\u00bbdefault\u00bb top_divider=\u00bbstep_2_3&#8243; shape_top_h_use_pixel=\u00bbtrue\u00bb shape_top_height_percent=\u00bb100&#8243; shape_top_color=\u00bbcolor-lxmt\u00bb shape_top_opacity=\u00bb100&#8243; shape_top_index=\u00bb0&#8243;][vc_column column_width_percent=\u00bb100&#8243; position_vertical=\u00bbmiddle\u00bb gutter_size=\u00bb3&#8243; font_family=\u00bbfont-165032&#8243; overlay_alpha=\u00bb50&#8243; shift_x=\u00bb0&#8243; shift_y=\u00bb0&#8243; shift_y_down=\u00bb0&#8243; z_index=\u00bb0&#8243; medium_width=\u00bb0&#8243; mobile_width=\u00bb0&#8243; parallax_intensity=\u00bb3&#8243; width=\u00bb1\/1&#8243; uncode_shortcode_id=\u00bb143201&#8243;][vc_custom_heading heading_semantic=\u00bbh1&#8243; text_size=\u00bbh1&#8243; uncode_shortcode_id=\u00bb176843&#8243;]Construir inmuebles de lujo[\/vc_custom_heading][vc_single_image media=\u00bb156016&#8243; media_width_percent=\u00bb100&#8243; media_ratio=\u00bbtwo-one\u00bb uncode_shortcode_id=\u00bb365726&#8243;][\/vc_column][\/vc_row][vc_row row_height_percent=\u00bb0&#8243; override_padding=\u00bbyes\u00bb h_padding=\u00bb2&#8243; top_padding=\u00bb3&#8243; bottom_padding=\u00bb3&#8243; overlay_alpha=\u00bb50&#8243; gutter_size=\u00bb4&#8243; column_width_percent=\u00bb100&#8243; shift_y=\u00bb0&#8243; z_index=\u00bb0&#8243; content_parallax=\u00bb0&#8243; uncode_shortcode_id=\u00bb127900&#8243; el_id=\u00bbconstrucci\u00f3n-de-caba\u00f1as-de-lujo\u00bb][vc_column column_width_percent=\u00bb100&#8243; gutter_size=\u00bb3&#8243; overlay_alpha=\u00bb50&#8243; shift_x=\u00bb0&#8243; shift_y=\u00bb0&#8243; shift_y_down=\u00bb0&#8243; z_index=\u00bb0&#8243; medium_visibility=\u00bbyes\u00bb medium_width=\u00bb0&#8243; mobile_visibility=\u00bbyes\u00bb mobile_width=\u00bb0&#8243; width=\u00bb3\/12&#8243; uncode_shortcode_id=\u00bb792452&#8243;][\/vc_column][vc_column column_width_percent=\u00bb100&#8243; gutter_size=\u00bb3&#8243; font_family=\u00bbfont-165032&#8243; overlay_alpha=\u00bb50&#8243; shift_x=\u00bb0&#8243; shift_y=\u00bb0&#8243; shift_y_down=\u00bb0&#8243; z_index=\u00bb0&#8243; medium_width=\u00bb0&#8243; mobile_width=\u00bb0&#8243; width=\u00bb6\/12&#8243; uncode_shortcode_id=\u00bb113892&#8243;][vc_column_text text_lead=\u00bbyes\u00bb uncode_shortcode_id=\u00bb267659&#8243;]Nuestra empresa tambi\u00e9n est\u00e1 especializada en la construcci\u00f3n de chal\u00e9s de lujo a medida. Tanto si buscas un dise\u00f1o moderno como tradicional, daremos vida a tu visi\u00f3n combinando artesan\u00eda de calidad y materiales de alta gama. Cada proyecto es \u00fanico, y trabajamos estrechamente contigo para asegurarnos de que cada detalle cumpla tus expectativas.<\/p>\n<p><b>Caracter\u00edsticas :<\/b><\/p>\n<ul>\n<li style=\"font-weight: 400;\" aria-level=\"1\"><span style=\"font-weight: 400;\">A la medida de tus necesidades<\/span><\/li>\n<li style=\"font-weight: 400;\" aria-level=\"1\"><span style=\"font-weight: 400;\">Uso de materiales ecol\u00f3gicos y sostenibles<\/span><\/li>\n<li style=\"font-weight: 400;\" aria-level=\"1\"><span style=\"font-weight: 400;\">Seguimiento riguroso de los proyectos para garantizar el cumplimiento de los plazos<\/span><\/li>\n<\/ul>\n<p>[\/vc_column_text][\/vc_column][vc_column column_width_percent=\u00bb100&#8243; gutter_size=\u00bb3&#8243; overlay_alpha=\u00bb50&#8243; shift_x=\u00bb0&#8243; shift_y=\u00bb0&#8243; shift_y_down=\u00bb0&#8243; z_index=\u00bb0&#8243; medium_visibility=\u00bbyes\u00bb medium_width=\u00bb0&#8243; mobile_visibility=\u00bbyes\u00bb mobile_width=\u00bb0&#8243; width=\u00bb3\/12&#8243; uncode_shortcode_id=\u00bb973332&#8243;][\/vc_column][\/vc_row][vc_row][vc_column column_width_percent=\u00bb100&#8243; align_horizontal=\u00bbalign_center\u00bb gutter_size=\u00bb3&#8243; overlay_alpha=\u00bb50&#8243; shift_x=\u00bb0&#8243; shift_y=\u00bb0&#8243; shift_y_down=\u00bb0&#8243; z_index=\u00bb0&#8243; medium_width=\u00bb0&#8243; mobile_width=\u00bb0&#8243; width=\u00bb1\/1&#8243; uncode_shortcode_id=\u00bb729200&#8243;][vc_button button_color=\u00bbaccent\u00bb border_animation=\u00bbbtn-ripple-out\u00bb border_width=\u00bb0&#8243; link=\u00bburl:https%3A%2F%2Fgroupelykke.com%2Fchalets%2F|title:Chalets|\u00bb button_color_type=\u00bbuncode-palette\u00bb uncode_shortcode_id=\u00bb130155&#8243;]Ver nuestros modelos de chal\u00e9s[\/vc_button][\/vc_column][\/vc_row][vc_row][vc_column column_width_percent=\u00bb100&#8243; align_horizontal=\u00bbalign_center\u00bb gutter_size=\u00bb3&#8243; overlay_alpha=\u00bb50&#8243; shift_x=\u00bb0&#8243; shift_y=\u00bb0&#8243; shift_y_down=\u00bb0&#8243; z_index=\u00bb0&#8243; medium_width=\u00bb0&#8243; mobile_width=\u00bb0&#8243; width=\u00bb1\/4&#8243; uncode_shortcode_id=\u00bb484237&#8243;][\/vc_column][vc_column width=\u00bb1\/2&#8243;][vc_single_image media=\u00bb156305&#8243; media_width_percent=\u00bb100&#8243; uncode_shortcode_id=\u00bb205302&#8243;][vc_column_text uncode_shortcode_id=\u00bb702632&#8243;]<\/p>\n<p style=\"text-align: center;\">Ponte en contacto con nosotros en el +1 (514) 404 6934 para obtener m\u00e1s informaci\u00f3n sobre la Garantie Construction R\u00e9sidentielle (GCR).<\/p>\n<p>[\/vc_column_text][\/vc_column][vc_column width=\u00bb1\/4&#8243;][\/vc_column][\/vc_row][vc_row][vc_column width=\u00bb1\/1&#8243;]<style id=\"wpforms-css-vars-156177\">\n\t\t\t\t#wpforms-156177 {\n\t\t\t\t--wpforms-container-padding: 0px;\n--wpforms-container-border-width: 1px;\n--wpforms-container-border-radius: 3px;\n--wpforms-background-color: rgba(0, 0, 0, 0);\n--wpforms-field-size-input-height: 43px;\n--wpforms-field-size-input-spacing: 15px;\n--wpforms-field-size-font-size: 16px;\n--wpforms-field-size-line-height: 19px;\n--wpforms-field-size-padding-h: 14px;\n--wpforms-field-size-checkbox-size: 16px;\n--wpforms-field-size-sublabel-spacing: 5px;\n--wpforms-field-size-icon-size: 1;\n--wpforms-label-size-font-size: 16px;\n--wpforms-label-size-line-height: 19px;\n--wpforms-label-size-sublabel-font-size: 14px;\n--wpforms-label-size-sublabel-line-height: 17px;\n--wpforms-button-size-font-size: 17px;\n--wpforms-button-size-height: 41px;\n--wpforms-button-size-padding-h: 15px;\n--wpforms-button-size-margin-top: 10px;\n--wpforms-container-shadow-size-box-shadow: none;\n\t\t\t}\n\t\t\t<\/style><div class=\"wpforms-container wpforms-container-full wpforms-render-modern\" id=\"wpforms-156177\"><form id=\"wpforms-form-156177\" class=\"wpforms-validate wpforms-form wpforms-ajax-form\" data-formid=\"156177\" method=\"post\" enctype=\"multipart\/form-data\" action=\"\/es\/wp-json\/wp\/v2\/pages\/156435\" data-token=\"360fc7d9e7a7051cf6660d2aca1ce78e\" data-token-time=\"1777222447\"><noscript class=\"wpforms-error-noscript\">Por favor, activa JavaScript en tu navegador para completar este formulario.<\/noscript><div id=\"wpforms-error-noscript\" style=\"display: none;\">Por favor, activa JavaScript en tu navegador para completar este formulario.<\/div><div class=\"wpforms-field-container\"><div id=\"wpforms-156177-field_1-container\" class=\"wpforms-field wpforms-field-text wpforms-one-half wpforms-first\" data-field-id=\"1\"><label class=\"wpforms-field-label wpforms-label-hide\" for=\"wpforms-156177-field_1\" aria-hidden=\"false\">Nom <span class=\"wpforms-required-label\" aria-hidden=\"true\">*<\/span><\/label><input type=\"text\" id=\"wpforms-156177-field_1\" class=\"wpforms-field-large wpforms-field-required\" name=\"wpforms[fields][1]\" placeholder=\"Nom\" aria-errormessage=\"wpforms-156177-field_1-error\" required><\/div><div id=\"wpforms-156177-field_2-container\" class=\"wpforms-field wpforms-field-email wpforms-one-half\" data-field-id=\"2\"><label class=\"wpforms-field-label wpforms-label-hide\" for=\"wpforms-156177-field_2\" aria-hidden=\"false\">Courriel <span class=\"wpforms-required-label\" aria-hidden=\"true\">*<\/span><\/label><input type=\"email\" id=\"wpforms-156177-field_2\" class=\"wpforms-field-large wpforms-field-required\" name=\"wpforms[fields][2]\" placeholder=\"Courriel\" spellcheck=\"false\" aria-errormessage=\"wpforms-156177-field_2-error\" required><\/div><div id=\"wpforms-156177-field_7-container\" class=\"wpforms-field wpforms-field-text wpforms-one-half wpforms-first\" data-field-id=\"7\"><label class=\"wpforms-field-label wpforms-label-hide\" for=\"wpforms-156177-field_7\" aria-hidden=\"false\">Num\u00e9ro de t\u00e9l\u00e9phone <span class=\"wpforms-required-label\" aria-hidden=\"true\">*<\/span><\/label><input type=\"text\" id=\"wpforms-156177-field_7\" class=\"wpforms-field-large wpforms-field-required wpforms-masked-input\" data-rule-inputmask-incomplete=\"1\" data-inputmask-mask=\"9999999999\" name=\"wpforms[fields][7]\" placeholder=\"Num\u00e9ro de t\u00e9l\u00e9phone\" aria-errormessage=\"wpforms-156177-field_7-error\" required><\/div>\t\t<div id=\"wpforms-156177-field_3-container\"\n\t\t\tclass=\"wpforms-field wpforms-field-text\"\n\t\t\tdata-field-type=\"text\"\n\t\t\tdata-field-id=\"3\"\n\t\t\t>\n\t\t\t<label class=\"wpforms-field-label\" for=\"wpforms-156177-field_3\" >? de commentaires<\/label>\n\t\t\t<input type=\"text\" id=\"wpforms-156177-field_3\" class=\"wpforms-field-medium\" name=\"wpforms[fields][3]\" >\n\t\t<\/div>\n\t\t<div id=\"wpforms-156177-field_4-container\" class=\"wpforms-field wpforms-field-select wpforms-one-half wpforms-field-select-style-classic\" data-field-id=\"4\"><label class=\"wpforms-field-label wpforms-label-hide\" for=\"wpforms-156177-field_4\" aria-hidden=\"false\">O\u00f9 avez-vous entendu parler de nous ? <span class=\"wpforms-required-label\" aria-hidden=\"true\">*<\/span><\/label><select id=\"wpforms-156177-field_4\" class=\"wpforms-field-large wpforms-field-required\" name=\"wpforms[fields][4]\" required=\"required\"><option value=\"\" class=\"placeholder\" disabled  selected='selected'>O\u00f9 avez-vous entendu parler de nous ?<\/option><option value=\"Google\"  class=\"choice-1 depth-1\"  >Google<\/option><option value=\"Facebook\"  class=\"choice-2 depth-1\"  >Facebook<\/option><option value=\"Instagram\"  class=\"choice-3 depth-1\"  >Instagram<\/option><option value=\"LinkedIn\"  class=\"choice-4 depth-1\"  >LinkedIn<\/option><option value=\"R\u00e9f\u00e9rence\"  class=\"choice-5 depth-1\"  >R\u00e9f\u00e9rence<\/option><\/select><\/div><div id=\"wpforms-156177-field_5-container\" class=\"wpforms-field wpforms-field-checkbox wpforms-list-inline\" data-field-id=\"5\"><fieldset><legend class=\"wpforms-field-label\">Par quel(s) mod\u00e8le(s) \u00eates-vous int\u00e9ress\u00e9(e) ? <span class=\"wpforms-required-label\" aria-hidden=\"true\">*<\/span><\/legend><ul id=\"wpforms-156177-field_5\" class=\"wpforms-field-required wpforms-image-choices wpforms-image-choices-classic\"><li class=\"choice-1 depth-1 wpforms-image-choices-item\"><label class=\"wpforms-field-label-inline\" for=\"wpforms-156177-field_5_1\" tabindex=\"0\"><span class=\"wpforms-image-choices-image\"><img decoding=\"async\" src=\"https:\/\/groupelykke.com\/wp-content\/uploads\/2025\/04\/a-frame-3d.jpg\" alt=\"A-Frame\" title=\"A-Frame\"><\/span><input type=\"checkbox\" id=\"wpforms-156177-field_5_1\" class=\"wpforms-screen-reader-element\" name=\"wpforms[fields][5][]\" value=\"A-Frame\" aria-errormessage=\"wpforms-156177-field_5_1-error\" tabindex=\"-1\" required ><span class=\"wpforms-image-choices-label\">A-Frame<\/span><\/label><\/li><li class=\"choice-2 depth-1 wpforms-image-choices-item\"><label class=\"wpforms-field-label-inline\" for=\"wpforms-156177-field_5_2\" tabindex=\"0\"><span class=\"wpforms-image-choices-image\"><img decoding=\"async\" src=\"https:\/\/groupelykke.com\/wp-content\/uploads\/2025\/04\/grey-wolf-outside.jpg\" alt=\"Grey Wolf\" title=\"Grey Wolf\"><\/span><input type=\"checkbox\" id=\"wpforms-156177-field_5_2\" class=\"wpforms-screen-reader-element\" name=\"wpforms[fields][5][]\" value=\"Grey Wolf\" aria-errormessage=\"wpforms-156177-field_5_2-error\" tabindex=\"-1\" required ><span class=\"wpforms-image-choices-label\">Grey Wolf<\/span><\/label><\/li><li class=\"choice-3 depth-1 wpforms-image-choices-item\"><label class=\"wpforms-field-label-inline\" for=\"wpforms-156177-field_5_3\" tabindex=\"0\"><span class=\"wpforms-image-choices-image\"><img decoding=\"async\" src=\"https:\/\/groupelykke.com\/wp-content\/uploads\/2025\/08\/lagom-back.png\" alt=\"Snoheim\" title=\"Snoheim\"><\/span><input type=\"checkbox\" id=\"wpforms-156177-field_5_3\" class=\"wpforms-screen-reader-element\" name=\"wpforms[fields][5][]\" value=\"Snoheim\" aria-errormessage=\"wpforms-156177-field_5_3-error\" tabindex=\"-1\" required ><span class=\"wpforms-image-choices-label\">Snoheim<\/span><\/label><\/li><li class=\"choice-4 depth-1 wpforms-image-choices-item\"><label class=\"wpforms-field-label-inline\" for=\"wpforms-156177-field_5_4\" tabindex=\"0\"><span class=\"wpforms-image-choices-image\"><img decoding=\"async\" src=\"https:\/\/groupelykke.com\/wp-content\/uploads\/2025\/04\/varma-4-garden-view.jpg\" alt=\"V\u00e4rma\" title=\"V\u00e4rma\"><\/span><input type=\"checkbox\" id=\"wpforms-156177-field_5_4\" class=\"wpforms-screen-reader-element\" name=\"wpforms[fields][5][]\" value=\"V\u00e4rma\" aria-errormessage=\"wpforms-156177-field_5_4-error\" tabindex=\"-1\" required ><span class=\"wpforms-image-choices-label\">V\u00e4rma<\/span><\/label><\/li><li class=\"choice-5 depth-1 wpforms-image-choices-item\"><label class=\"wpforms-field-label-inline\" for=\"wpforms-156177-field_5_5\" tabindex=\"0\"><span class=\"wpforms-image-choices-image\"><img decoding=\"async\" src=\"https:\/\/groupelykke.com\/wp-content\/uploads\/2026\/04\/VUE-03-ASTUCIEUX.png\" alt=\"Astucieux\" title=\"Astucieux\"><\/span><input type=\"checkbox\" id=\"wpforms-156177-field_5_5\" class=\"wpforms-screen-reader-element\" name=\"wpforms[fields][5][]\" value=\"Astucieux\" aria-errormessage=\"wpforms-156177-field_5_5-error\" tabindex=\"-1\" required ><span class=\"wpforms-image-choices-label\">Astucieux<\/span><\/label><\/li><\/ul><\/fieldset><\/div><div id=\"wpforms-156177-field_6-container\" class=\"wpforms-field wpforms-field-textarea\" data-field-id=\"6\"><label class=\"wpforms-field-label wpforms-label-hide\" for=\"wpforms-156177-field_6\" aria-hidden=\"false\">Questions ou commentaires <span class=\"wpforms-required-label\" aria-hidden=\"true\">*<\/span><\/label><textarea id=\"wpforms-156177-field_6\" class=\"wpforms-field-medium wpforms-field-required\" name=\"wpforms[fields][6]\" placeholder=\"Questions ou commentaires\" aria-errormessage=\"wpforms-156177-field_6-error\" required><\/textarea><\/div><script>\n\t\t\t\t( function() {\n\t\t\t\t\tconst style = document.createElement( 'style' );\n\t\t\t\t\tstyle.appendChild( document.createTextNode( '#wpforms-156177-field_3-container { position: absolute !important; overflow: hidden !important; display: inline !important; height: 1px !important; width: 1px !important; z-index: -1000 !important; padding: 0 !important; } #wpforms-156177-field_3-container input { visibility: hidden; } #wpforms-conversational-form-page #wpforms-156177-field_3-container label { counter-increment: none; }' ) );\n\t\t\t\t\tdocument.head.appendChild( style );\n\t\t\t\t\tdocument.currentScript?.remove();\n\t\t\t\t} )();\n\t\t\t<\/script><\/div><!-- .wpforms-field-container --><div class=\"wpforms-submit-container\" ><input type=\"hidden\" name=\"wpforms[id]\" value=\"156177\"><input type=\"hidden\" name=\"page_title\" value=\"\"><input type=\"hidden\" name=\"page_url\" value=\"https:\/\/groupelykke.com\/es\/wp-json\/wp\/v2\/pages\/156435\"><input type=\"hidden\" name=\"url_referer\" value=\"\"><button type=\"submit\" name=\"wpforms[submit]\" id=\"wpforms-submit-156177\" class=\"wpforms-submit custom-link btn btn-lg btn-custom-typo font-175442 font-weight-500 text-initial no-letterspace border-width-0 btn-text-skin btn-accent btn-outline btn-icon-left btn-ripple-out btn-border-animated cursor-init\" data-alt-text=\"Envoi...\" data-submit-text=\"Soumettre\" aria-live=\"assertive\" value=\"wpforms-submit\">Soumettre<\/button><img decoding=\"async\" src=\"https:\/\/groupelykke.com\/wp-content\/plugins\/wpforms-lite\/assets\/images\/submit-spin.svg\" class=\"wpforms-submit-spinner\" style=\"display: none;\" width=\"26\" height=\"26\" alt=\"Cargando\"><\/div><\/form><\/div>  <!-- .wpforms-container -->[\/vc_column][\/vc_row]<\/p>\n<\/div>","protected":false},"excerpt":{"rendered":"<p>[vc_row row_height_percent=\u00bb0&#8243; override_padding=\u00bbyes\u00bb h_padding=\u00bb2&#8243; top_padding=\u00bb5&#8243; bottom_padding=\u00bb5&#8243; overlay_alpha=\u00bb50&#8243; gutter_size=\u00bb4&#8243; column_width_percent=\u00bb100&#8243; shift_y=\u00bb0&#8243; z_index=\u00bb0&#8243; enable_top_divider=\u00bbdefault\u00bb top_divider=\u00bbstep_2_3&#8243; shape_top_h_use_pixel=\u00bbtrue\u00bb shape_top_height_percent=\u00bb100&#8243; shape_top_color=\u00bbcolor-lxmt\u00bb shape_top_opacity=\u00bb100&#8243; shape_top_index=\u00bb0&#8243;][vc_column column_width_percent=\u00bb100&#8243; position_vertical=\u00bbmiddle\u00bb [&hellip;]<\/p>\n","protected":false},"author":2,"featured_media":0,"parent":0,"menu_order":0,"comment_status":"closed","ping_status":"closed","template":"","meta":{"footnotes":""},"class_list":["post-156435","page","type-page","status-publish","hentry"],"aioseo_notices":[],"_links":{"self":[{"href":"https:\/\/groupelykke.com\/es\/wp-json\/wp\/v2\/pages\/156435","targetHints":{"allow":["GET"]}}],"collection":[{"href":"https:\/\/groupelykke.com\/es\/wp-json\/wp\/v2\/pages"}],"about":[{"href":"https:\/\/groupelykke.com\/es\/wp-json\/wp\/v2\/types\/page"}],"author":[{"embeddable":true,"href":"https:\/\/groupelykke.com\/es\/wp-json\/wp\/v2\/users\/2"}],"replies":[{"embeddable":true,"href":"https:\/\/groupelykke.com\/es\/wp-json\/wp\/v2\/comments?post=156435"}],"version-history":[{"count":3,"href":"https:\/\/groupelykke.com\/es\/wp-json\/wp\/v2\/pages\/156435\/revisions"}],"predecessor-version":[{"id":156439,"href":"https:\/\/groupelykke.com\/es\/wp-json\/wp\/v2\/pages\/156435\/revisions\/156439"}],"wp:attachment":[{"href":"https:\/\/groupelykke.com\/es\/wp-json\/wp\/v2\/media?parent=156435"}],"curies":[{"name":"wp","href":"https:\/\/api.w.org\/{rel}","templated":true}]}}