{"id":156445,"date":"2025-04-17T01:23:11","date_gmt":"2025-04-17T01:23:11","guid":{"rendered":"https:\/\/groupelykke.com\/modelos\/"},"modified":"2025-08-25T17:31:31","modified_gmt":"2025-08-25T17:31:31","slug":"modelos","status":"publish","type":"page","link":"https:\/\/groupelykke.com\/es\/modelos\/","title":{"rendered":"Modelos"},"content":{"rendered":"<div class=\"wpb-content-wrapper\"><p>[vc_row][vc_column width=\u00bb1\/1&#8243;][\/vc_column][\/vc_row][vc_row row_height_percent=\u00bb0&#8243; override_padding=\u00bbyes\u00bb h_padding=\u00bb2&#8243; top_padding=\u00bb4&#8243; bottom_padding=\u00bb4&#8243; overlay_alpha=\u00bb50&#8243; gutter_size=\u00bb4&#8243; column_width_percent=\u00bb100&#8243; shift_y=\u00bb0&#8243; z_index=\u00bb0&#8243; content_parallax=\u00bb0&#8243; uncode_shortcode_id=\u00bb179768&#8243;][vc_column column_width_percent=\u00bb100&#8243; gutter_size=\u00bb3&#8243; overlay_alpha=\u00bb50&#8243; shift_x=\u00bb0&#8243; shift_y=\u00bb0&#8243; shift_y_down=\u00bb0&#8243; z_index=\u00bb0&#8243; medium_width=\u00bb4&#8243; mobile_width=\u00bb0&#8243; width=\u00bb6\/12&#8243; el_class=\u00bbimage-card image-card-triple\u00bb uncode_shortcode_id=\u00bb327674&#8243;][vc_single_image media=\u00bb155999&#8243; media_width_percent=\u00bb100&#8243; media_ratio=\u00bbone-one\u00bb alignment=\u00bbright\u00bb css_animation=\u00bbparallax\u00bb parallax_intensity=\u00bb2&#8243; uncode_shortcode_id=\u00bb108087&#8243; media_link=\u00bburl:https%3A%2F%2Fgroupelykke.com%2Frealisations%2Fa-frame%2F|title:A%20Frame\u00bb][vc_single_image media=\u00bb156002&#8243; media_width_percent=\u00bb100&#8243; media_ratio=\u00bbone-one\u00bb alignment=\u00bbright\u00bb uncode_shortcode_id=\u00bb158625&#8243; media_link=\u00bburl:https%3A%2F%2Fgroupelykke.com%2Frealisations%2Fa-frame%2F|title:A%20Frame\u00bb][vc_single_image media=\u00bb156000&#8243; media_width_percent=\u00bb100&#8243; media_ratio=\u00bbone-one\u00bb alignment=\u00bbright\u00bb css_animation=\u00bbparallax\u00bb parallax_intensity=\u00bb4&#8243; uncode_shortcode_id=\u00bb161578&#8243; media_link=\u00bburl:https%3A%2F%2Fgroupelykke.com%2Frealisations%2Fa-frame%2F|title:A%20Frame\u00bb][\/vc_column][vc_column column_width_percent=\u00bb100&#8243; position_horizontal=\u00bbleft\u00bb position_vertical=\u00bbmiddle\u00bb gutter_size=\u00bb3&#8243; font_family=\u00bbfont-955596&#8243; overlay_alpha=\u00bb50&#8243; shift_x=\u00bb0&#8243; shift_y=\u00bb0&#8243; shift_y_down=\u00bb0&#8243; z_index=\u00bb0&#8243; medium_width=\u00bb4&#8243; align_mobile=\u00bbalign_center_mobile\u00bb mobile_width=\u00bb0&#8243; width=\u00bb6\/12&#8243; uncode_shortcode_id=\u00bb573911&#8243;][vc_custom_heading heading_semantic=\u00bbh3&#8243; text_size=\u00bb\u00bb text_weight=\u00bb500&#8243; sub_lead=\u00bbyes\u00bb subheading=\u00bbUna revoluci\u00f3n ecol\u00f3gica en el coraz\u00f3n de los bosques de Quebec\u00bb uncode_shortcode_id=\u00bb110714&#8243;]A-Frame[\/vc_custom_heading][vc_button button_color=\u00bbaccent\u00bb size=\u00bbbtn-lg\u00bb border_animation=\u00bbbtn-ripple-out\u00bb outline=\u00bbyes\u00bb text_skin=\u00bbyes\u00bb custom_typo=\u00bbyes\u00bb font_family=\u00bbfont-175442&#8243; font_weight=\u00bb500&#8243; border_width=\u00bb0&#8243; link=\u00bburl:https%3A%2F%2Fgroupelykke.com%2Frealisations%2Fa-frame%2F|title:A-Frame|target:_blank|\u00bb button_color_type=\u00bbuncode-palette\u00bb uncode_shortcode_id=\u00bb381674&#8243;]M\u00e1s informaci\u00f3n sobre A-Frame[\/vc_button][\/vc_column][\/vc_row][vc_row row_height_percent=\u00bb0&#8243; override_padding=\u00bbyes\u00bb h_padding=\u00bb2&#8243; top_padding=\u00bb4&#8243; bottom_padding=\u00bb4&#8243; overlay_alpha=\u00bb50&#8243; gutter_size=\u00bb4&#8243; column_width_percent=\u00bb100&#8243; shift_y=\u00bb0&#8243; z_index=\u00bb0&#8243; content_parallax=\u00bb0&#8243; uncode_shortcode_id=\u00bb128326&#8243;][vc_column column_width_percent=\u00bb100&#8243; position_horizontal=\u00bbleft\u00bb position_vertical=\u00bbmiddle\u00bb gutter_size=\u00bb3&#8243; font_family=\u00bbfont-955596&#8243; overlay_alpha=\u00bb50&#8243; shift_x=\u00bb0&#8243; shift_y=\u00bb0&#8243; shift_y_down=\u00bb0&#8243; z_index=\u00bb0&#8243; medium_width=\u00bb4&#8243; align_mobile=\u00bbalign_center_mobile\u00bb mobile_width=\u00bb0&#8243; width=\u00bb6\/12&#8243; uncode_shortcode_id=\u00bb573911&#8243;][vc_custom_heading heading_semantic=\u00bbh3&#8243; text_size=\u00bb\u00bb text_weight=\u00bb500&#8243; sub_lead=\u00bbyes\u00bb subheading=\u00bbGrey Wolf, un chalet excepcional anclado en Chertsey\u00bb uncode_shortcode_id=\u00bb193306&#8243;]Grey Wolf[\/vc_custom_heading][vc_button button_color=\u00bbaccent\u00bb size=\u00bbbtn-lg\u00bb border_animation=\u00bbbtn-ripple-out\u00bb outline=\u00bbyes\u00bb text_skin=\u00bbyes\u00bb custom_typo=\u00bbyes\u00bb font_family=\u00bbfont-175442&#8243; font_weight=\u00bb500&#8243; border_width=\u00bb0&#8243; link=\u00bburl:https%3A%2F%2Fgroupelykke.com%2Frealisations%2Fgrey-wolf%2F|title:Grey%20Wolf|target:_blank|\u00bb button_color_type=\u00bbuncode-palette\u00bb uncode_shortcode_id=\u00bb384238&#8243;]M\u00e1s informaci\u00f3n sobre Grey Wolf[\/vc_button][\/vc_column][vc_column column_width_percent=\u00bb100&#8243; gutter_size=\u00bb3&#8243; overlay_alpha=\u00bb50&#8243; shift_x=\u00bb0&#8243; shift_y=\u00bb0&#8243; shift_y_down=\u00bb0&#8243; z_index=\u00bb0&#8243; medium_width=\u00bb4&#8243; mobile_width=\u00bb0&#8243; width=\u00bb6\/12&#8243; el_class=\u00bbimage-card image-card-triple\u00bb uncode_shortcode_id=\u00bb327674&#8243;][vc_single_image media=\u00bb156048&#8243; media_width_percent=\u00bb100&#8243; media_ratio=\u00bbone-one\u00bb alignment=\u00bbright\u00bb css_animation=\u00bbparallax\u00bb parallax_intensity=\u00bb4&#8243; uncode_shortcode_id=\u00bb188122&#8243; media_link=\u00bburl:https%3A%2F%2Fgroupelykke.com%2Frealisations%2Fgrey-wolf%2F|title:Grey%20Wolf\u00bb][vc_single_image media=\u00bb156017&#8243; media_width_percent=\u00bb100&#8243; media_ratio=\u00bbone-one\u00bb alignment=\u00bbright\u00bb uncode_shortcode_id=\u00bb138826&#8243; media_link=\u00bburl:https%3A%2F%2Fgroupelykke.com%2Frealisations%2Fgrey-wolf%2F|title:Grey%20Wolf\u00bb][vc_single_image media=\u00bb156016&#8243; media_width_percent=\u00bb100&#8243; media_ratio=\u00bbone-one\u00bb alignment=\u00bbright\u00bb css_animation=\u00bbparallax\u00bb parallax_intensity=\u00bb2&#8243; uncode_shortcode_id=\u00bb162279&#8243; media_link=\u00bburl:https%3A%2F%2Fgroupelykke.com%2Frealisations%2Fgrey-wolf%2F|title:Grey%20Wolf\u00bb][\/vc_column][\/vc_row][vc_row row_height_percent=\u00bb0&#8243; override_padding=\u00bbyes\u00bb h_padding=\u00bb2&#8243; top_padding=\u00bb4&#8243; bottom_padding=\u00bb4&#8243; overlay_alpha=\u00bb50&#8243; gutter_size=\u00bb4&#8243; column_width_percent=\u00bb100&#8243; shift_y=\u00bb0&#8243; z_index=\u00bb0&#8243; content_parallax=\u00bb0&#8243; uncode_shortcode_id=\u00bb172085&#8243;][vc_column column_width_percent=\u00bb100&#8243; gutter_size=\u00bb3&#8243; overlay_alpha=\u00bb50&#8243; shift_x=\u00bb0&#8243; shift_y=\u00bb0&#8243; shift_y_down=\u00bb0&#8243; z_index=\u00bb0&#8243; medium_width=\u00bb4&#8243; mobile_width=\u00bb0&#8243; width=\u00bb6\/12&#8243; el_class=\u00bbimage-card image-card-triple\u00bb uncode_shortcode_id=\u00bb327674&#8243;][vc_single_image media=\u00bb156788&#8243; media_width_percent=\u00bb100&#8243; media_ratio=\u00bbone-one\u00bb alignment=\u00bbright\u00bb uncode_shortcode_id=\u00bb102510&#8243; media_link=\u00bburl:https%3A%2F%2Fgroupelykke.com%2Frealisations%2Flagom%2F|title:Lagom\u00bb][vc_single_image media=\u00bb156800&#8243; media_width_percent=\u00bb100&#8243; media_ratio=\u00bbone-one\u00bb alignment=\u00bbright\u00bb css_animation=\u00bbparallax\u00bb parallax_intensity=\u00bb2&#8243; uncode_shortcode_id=\u00bb197698&#8243; media_link=\u00bburl:https%3A%2F%2Fgroupelykke.com%2Frealisations%2Flagom%2F|title:Lagom\u00bb][vc_single_image media=\u00bb156791&#8243; media_width_percent=\u00bb100&#8243; media_ratio=\u00bbone-one\u00bb alignment=\u00bbright\u00bb css_animation=\u00bbparallax\u00bb parallax_intensity=\u00bb4&#8243; uncode_shortcode_id=\u00bb185338&#8243; media_link=\u00bburl:https%3A%2F%2Fgroupelykke.com%2Frealisations%2Flagom%2F|title:Varma\u00bb][\/vc_column][vc_column column_width_percent=\u00bb100&#8243; position_horizontal=\u00bbleft\u00bb position_vertical=\u00bbmiddle\u00bb gutter_size=\u00bb3&#8243; font_family=\u00bbfont-955596&#8243; overlay_alpha=\u00bb50&#8243; shift_x=\u00bb0&#8243; shift_y=\u00bb0&#8243; shift_y_down=\u00bb0&#8243; z_index=\u00bb0&#8243; medium_width=\u00bb4&#8243; align_mobile=\u00bbalign_center_mobile\u00bb mobile_width=\u00bb0&#8243; width=\u00bb6\/12&#8243; uncode_shortcode_id=\u00bb573911&#8243;][vc_custom_heading heading_semantic=\u00bbh3&#8243; text_size=\u00bb\u00bb text_weight=\u00bb500&#8243; sub_lead=\u00bbyes\u00bb subheading=\u00bbUna moderna joya escandinava enclavada en plena naturaleza\u00bb uncode_shortcode_id=\u00bb877235&#8243;]Lagom[\/vc_custom_heading][vc_button button_color=\u00bbaccent\u00bb size=\u00bbbtn-lg\u00bb border_animation=\u00bbbtn-ripple-out\u00bb outline=\u00bbyes\u00bb text_skin=\u00bbyes\u00bb custom_typo=\u00bbyes\u00bb font_family=\u00bbfont-175442&#8243; font_weight=\u00bb500&#8243; border_width=\u00bb0&#8243; link=\u00bburl:https%3A%2F%2Fgroupelykke.com%2Frealisations%2Flagom%2F|title:Lagom|target:_blank|\u00bb button_color_type=\u00bbuncode-palette\u00bb uncode_shortcode_id=\u00bb124389&#8243;]M\u00e1s informaci\u00f3n sobre Lagom[\/vc_button][\/vc_column][\/vc_row][vc_row row_height_percent=\u00bb0&#8243; override_padding=\u00bbyes\u00bb h_padding=\u00bb2&#8243; top_padding=\u00bb4&#8243; bottom_padding=\u00bb4&#8243; overlay_alpha=\u00bb50&#8243; gutter_size=\u00bb4&#8243; column_width_percent=\u00bb100&#8243; shift_y=\u00bb0&#8243; z_index=\u00bb0&#8243; content_parallax=\u00bb0&#8243; uncode_shortcode_id=\u00bb102454&#8243;][vc_column column_width_percent=\u00bb100&#8243; position_horizontal=\u00bbleft\u00bb position_vertical=\u00bbmiddle\u00bb gutter_size=\u00bb3&#8243; font_family=\u00bbfont-955596&#8243; overlay_alpha=\u00bb50&#8243; shift_x=\u00bb0&#8243; shift_y=\u00bb0&#8243; shift_y_down=\u00bb0&#8243; z_index=\u00bb0&#8243; medium_width=\u00bb4&#8243; align_mobile=\u00bbalign_center_mobile\u00bb mobile_width=\u00bb0&#8243; width=\u00bb6\/12&#8243; uncode_shortcode_id=\u00bb573911&#8243;][vc_custom_heading heading_semantic=\u00bbh3&#8243; text_size=\u00bb\u00bb text_weight=\u00bb500&#8243; sub_lead=\u00bbyes\u00bb subheading=\u00bbUn retiro armonioso que abraza la naturaleza\u00bb uncode_shortcode_id=\u00bb238506&#8243;]Varma[\/vc_custom_heading][vc_button button_color=\u00bbaccent\u00bb size=\u00bbbtn-lg\u00bb border_animation=\u00bbbtn-ripple-out\u00bb outline=\u00bbyes\u00bb text_skin=\u00bbyes\u00bb custom_typo=\u00bbyes\u00bb font_family=\u00bbfont-175442&#8243; font_weight=\u00bb500&#8243; border_width=\u00bb0&#8243; link=\u00bburl:https%3A%2F%2Fgroupelykke.com%2Frealisations%2Fvarma%2F|title:Varma|target:_blank|\u00bb button_color_type=\u00bbuncode-palette\u00bb uncode_shortcode_id=\u00bb159277&#8243;]M\u00e1s informaci\u00f3n sobre Varma[\/vc_button][\/vc_column][vc_column column_width_percent=\u00bb100&#8243; gutter_size=\u00bb3&#8243; overlay_alpha=\u00bb50&#8243; shift_x=\u00bb0&#8243; shift_y=\u00bb0&#8243; shift_y_down=\u00bb0&#8243; z_index=\u00bb0&#8243; medium_width=\u00bb4&#8243; mobile_width=\u00bb0&#8243; width=\u00bb6\/12&#8243; el_class=\u00bbimage-card image-card-triple\u00bb uncode_shortcode_id=\u00bb327674&#8243;][vc_single_image media=\u00bb156037&#8243; media_width_percent=\u00bb100&#8243; media_ratio=\u00bbone-one\u00bb alignment=\u00bbright\u00bb css_animation=\u00bbparallax\u00bb parallax_intensity=\u00bb4&#8243; uncode_shortcode_id=\u00bb125460&#8243; media_link=\u00bburl:https%3A%2F%2Fgroupelykke.com%2Frealisations%2Fvarma%2F|title:Varma\u00bb][vc_single_image media=\u00bb156039&#8243; media_width_percent=\u00bb100&#8243; media_ratio=\u00bbone-one\u00bb alignment=\u00bbright\u00bb css_animation=\u00bbparallax\u00bb parallax_intensity=\u00bb2&#8243; uncode_shortcode_id=\u00bb141486&#8243; media_link=\u00bburl:https%3A%2F%2Fgroupelykke.com%2Frealisations%2Fvarma%2F|title:Varma\u00bb][vc_single_image media=\u00bb156038&#8243; media_width_percent=\u00bb100&#8243; media_ratio=\u00bbone-one\u00bb alignment=\u00bbright\u00bb uncode_shortcode_id=\u00bb216019&#8243; media_link=\u00bburl:https%3A%2F%2Fgroupelykke.com%2Frealisations%2Fvarma%2F|title:Varma\u00bb][\/vc_column][\/vc_row]<\/p>\n<\/div>","protected":false},"excerpt":{"rendered":"<p>[vc_row][vc_column width=\u00bb1\/1&#8243;][\/vc_column][\/vc_row][vc_row row_height_percent=\u00bb0&#8243; override_padding=\u00bbyes\u00bb h_padding=\u00bb2&#8243; top_padding=\u00bb4&#8243; bottom_padding=\u00bb4&#8243; overlay_alpha=\u00bb50&#8243; gutter_size=\u00bb4&#8243; column_width_percent=\u00bb100&#8243; shift_y=\u00bb0&#8243; z_index=\u00bb0&#8243; content_parallax=\u00bb0&#8243; uncode_shortcode_id=\u00bb179768&#8243;][vc_column column_width_percent=\u00bb100&#8243; gutter_size=\u00bb3&#8243; overlay_alpha=\u00bb50&#8243; shift_x=\u00bb0&#8243; shift_y=\u00bb0&#8243; shift_y_down=\u00bb0&#8243; [&hellip;]<\/p>\n","protected":false},"author":2,"featured_media":0,"parent":0,"menu_order":0,"comment_status":"closed","ping_status":"closed","template":"","meta":{"footnotes":""},"class_list":["post-156445","page","type-page","status-publish","hentry"],"aioseo_notices":[],"_links":{"self":[{"href":"https:\/\/groupelykke.com\/es\/wp-json\/wp\/v2\/pages\/156445","targetHints":{"allow":["GET"]}}],"collection":[{"href":"https:\/\/groupelykke.com\/es\/wp-json\/wp\/v2\/pages"}],"about":[{"href":"https:\/\/groupelykke.com\/es\/wp-json\/wp\/v2\/types\/page"}],"author":[{"embeddable":true,"href":"https:\/\/groupelykke.com\/es\/wp-json\/wp\/v2\/users\/2"}],"replies":[{"embeddable":true,"href":"https:\/\/groupelykke.com\/es\/wp-json\/wp\/v2\/comments?post=156445"}],"version-history":[{"count":11,"href":"https:\/\/groupelykke.com\/es\/wp-json\/wp\/v2\/pages\/156445\/revisions"}],"predecessor-version":[{"id":156816,"href":"https:\/\/groupelykke.com\/es\/wp-json\/wp\/v2\/pages\/156445\/revisions\/156816"}],"wp:attachment":[{"href":"https:\/\/groupelykke.com\/es\/wp-json\/wp\/v2\/media?parent=156445"}],"curies":[{"name":"wp","href":"https:\/\/api.w.org\/{rel}","templated":true}]}}