{"id":156554,"date":"2024-11-04T15:33:33","date_gmt":"2024-11-04T15:33:33","guid":{"rendered":"https:\/\/groupelykke.com\/nuestra-historia\/"},"modified":"2025-06-11T00:38:10","modified_gmt":"2025-06-11T00:38:10","slug":"nuestra-historia","status":"publish","type":"page","link":"https:\/\/groupelykke.com\/es\/nuestra-historia\/","title":{"rendered":"Nuestra historia"},"content":{"rendered":"<div class=\"wpb-content-wrapper\"><p>[vc_row unlock_row_content=\u00bbyes\u00bb row_height_percent=\u00bb0&#8243; override_padding=\u00bbyes\u00bb h_padding=\u00bb7&#8243; top_padding=\u00bb7&#8243; bottom_padding=\u00bb7&#8243; back_image=\u00bb156272&#8243; back_position=\u00bbcenter top\u00bb overlay_alpha=\u00bb75&#8243; overlay_color_blend=\u00bbmultiply\u00bb overlay_animated=\u00bbyes\u00bb overlay_animated_size=\u00bb0.7&#8243; gutter_size=\u00bb3&#8243; column_width_percent=\u00bb100&#8243; shift_y=\u00bb0&#8243; z_index=\u00bb0&#8243; bottom_divider=\u00bbgradient\u00bb css_animation=\u00bbscroll-trigger\u00bb animation_state=\u00bbend\u00bb animation_origin=\u00bbcenter left\u00bb animation_scale_val=\u00bb100&#8243; animation_opacity=\u00bb0&#8243; animation_x=\u00bb0&#8243; animation_y=\u00bb0&#8243; animation_blur=\u00bb0&#8243; animation_rotate=\u00bb0&#8243; animation_perspective=\u00bb0&#8243; animation_offset_top=\u00bb0&#8243; animation_offset_bottom=\u00bb86&#8243; content_parallax=\u00bb3&#8243; uncode_shortcode_id=\u00bb109790&#8243; back_color_type=\u00bbuncode-solid\u00bb overlay_color_type=\u00bbuncode-solid\u00bb overlay_color_solid=\u00bb#0c4f48&#8243; back_color_solid=\u00bb#0c4f48&#8243; overlay_animated_1_color_type=\u00bbuncode-solid\u00bb overlay_animated_1_color_solid=\u00bb#518883&#8243; overlay_animated_2_color_type=\u00bbuncode-solid\u00bb overlay_animated_2_color_solid=\u00bb#74faba\u00bb][vc_column column_width_percent=\u00bb100&#8243; position_vertical=\u00bbbottom\u00bb gutter_size=\u00bb4&#8243; style=\u00bbdark\u00bb overlay_alpha=\u00bb50&#8243; shift_x=\u00bb0&#8243; shift_y=\u00bb0&#8243; shift_y_down=\u00bb0&#8243; z_index=\u00bb0&#8243; medium_width=\u00bb0&#8243; mobile_width=\u00bb0&#8243; width=\u00bb1\/1&#8243; uncode_shortcode_id=\u00bb138994&#8243;][vc_row_inner limit_content=\u00bb\u00bb][vc_column_inner column_width_percent=\u00bb100&#8243; position_horizontal=\u00bbleft\u00bb gutter_size=\u00bb3&#8243; style=\u00bbdark\u00bb overlay_alpha=\u00bb50&#8243; shift_x=\u00bb0&#8243; shift_y=\u00bb0&#8243; shift_y_down=\u00bb0&#8243; z_index=\u00bb0&#8243; medium_width=\u00bb0&#8243; mobile_width=\u00bb0&#8243; width=\u00bb9\/12&#8243; uncode_shortcode_id=\u00bb311432&#8243;][vc_custom_heading text_size=\u00bbcustom\u00bb text_weight=\u00bb300&#8243; uncode_shortcode_id=\u00bb842653&#8243; heading_custom_size=\u00bbclamp(50px,7vw,125px)\u00bb]Grupo Lykke[\/vc_custom_heading][\/vc_column_inner][vc_column_inner column_width_percent=\u00bb100&#8243; gutter_size=\u00bb3&#8243; overlay_alpha=\u00bb50&#8243; shift_x=\u00bb0&#8243; shift_y=\u00bb0&#8243; shift_y_down=\u00bb0&#8243; z_index=\u00bb0&#8243; medium_visibility=\u00bbyes\u00bb medium_width=\u00bb0&#8243; mobile_visibility=\u00bbyes\u00bb mobile_width=\u00bb0&#8243; width=\u00bb3\/12&#8243; uncode_shortcode_id=\u00bb161238&#8243;][\/vc_column_inner][\/vc_row_inner][vc_separator sep_color=\u00bb\u00bb full_width=\u00bbyes\u00bb uncode_shortcode_id=\u00bb105882&#8243;][vc_row_inner row_inner_height_percent=\u00bb0&#8243; overlay_alpha=\u00bb50&#8243; gutter_size=\u00bb5&#8243; shift_y=\u00bb0&#8243; z_index=\u00bb0&#8243; limit_content=\u00bb\u00bb uncode_shortcode_id=\u00bb157228&#8243;][vc_column_inner column_width_percent=\u00bb100&#8243; gutter_size=\u00bb3&#8243; overlay_alpha=\u00bb50&#8243; shift_x=\u00bb0&#8243; shift_y=\u00bb0&#8243; shift_y_down=\u00bb0&#8243; z_index=\u00bb0&#8243; medium_visibility=\u00bbyes\u00bb medium_width=\u00bb0&#8243; mobile_visibility=\u00bbyes\u00bb mobile_width=\u00bb0&#8243; width=\u00bb6\/12&#8243; uncode_shortcode_id=\u00bb177579&#8243;][\/vc_column_inner][vc_column_inner column_width_percent=\u00bb100&#8243; gutter_size=\u00bb3&#8243; style=\u00bbdark\u00bb overlay_alpha=\u00bb50&#8243; shift_x=\u00bb0&#8243; shift_y=\u00bb0&#8243; shift_y_down=\u00bb0&#8243; z_index=\u00bb0&#8243; medium_width=\u00bb0&#8243; mobile_width=\u00bb0&#8243; width=\u00bb4\/12&#8243; uncode_shortcode_id=\u00bb202754&#8243;][vc_custom_heading heading_semantic=\u00bbh3&#8243; text_size=\u00bbh3&#8243; text_weight=\u00bb300&#8243; uncode_shortcode_id=\u00bb210082&#8243;]La historia de dos empresarios: Marcel y Christophe[\/vc_custom_heading][\/vc_column_inner][vc_column_inner column_width_percent=\u00bb100&#8243; gutter_size=\u00bb3&#8243; overlay_alpha=\u00bb50&#8243; shift_x=\u00bb0&#8243; shift_y=\u00bb0&#8243; shift_y_down=\u00bb0&#8243; z_index=\u00bb0&#8243; medium_visibility=\u00bbyes\u00bb medium_width=\u00bb0&#8243; mobile_visibility=\u00bbyes\u00bb mobile_width=\u00bb0&#8243; width=\u00bb2\/12&#8243; uncode_shortcode_id=\u00bb131059&#8243;][\/vc_column_inner][\/vc_row_inner][\/vc_column][\/vc_row][vc_row unlock_row_content=\u00bbyes\u00bb row_height_percent=\u00bb0&#8243; override_padding=\u00bbyes\u00bb h_padding=\u00bb7&#8243; top_padding=\u00bb5&#8243; bottom_padding=\u00bb5&#8243; overlay_alpha=\u00bb50&#8243; equal_height=\u00bbyes\u00bb gutter_size=\u00bb5&#8243; column_width_percent=\u00bb100&#8243; shift_y=\u00bb0&#8243; z_index=\u00bb0&#8243; content_parallax=\u00bb0&#8243; uncode_shortcode_id=\u00bb849287&#8243;][vc_column column_width_percent=\u00bb100&#8243; position_vertical=\u00bbjustify\u00bb align_horizontal=\u00bbalign_center\u00bb gutter_size=\u00bb4&#8243; overlay_alpha=\u00bb50&#8243; shift_x=\u00bb0&#8243; shift_y=\u00bb0&#8243; shift_y_down=\u00bb0&#8243; z_index=\u00bb0&#8243; medium_width=\u00bb0&#8243; mobile_width=\u00bb0&#8243; width=\u00bb1\/2&#8243; uncode_shortcode_id=\u00bb789237&#8243;][vc_row_inner row_inner_height_percent=\u00bb100&#8243; overlay_alpha=\u00bb50&#8243; gutter_size=\u00bb4&#8243; shift_y=\u00bb0&#8243; z_index=\u00bb0&#8243; limit_content=\u00bb\u00bb uncode_shortcode_id=\u00bb424158&#8243;][vc_column_inner column_width_percent=\u00bb100&#8243; position_vertical=\u00bbmiddle\u00bb gutter_size=\u00bb3&#8243; overlay_alpha=\u00bb50&#8243; shift_x=\u00bb0&#8243; shift_y=\u00bb0&#8243; shift_y_down=\u00bb0&#8243; z_index=\u00bb0&#8243; medium_width=\u00bb0&#8243; mobile_width=\u00bb0&#8243; width=\u00bb1\/1&#8243; uncode_shortcode_id=\u00bb332973&#8243;][vc_custom_heading heading_semantic=\u00bbh4&#8243; text_size=\u00bbcustom\u00bb text_weight=\u00bb300&#8243; uncode_shortcode_id=\u00bb207739&#8243; heading_custom_size=\u00bbclamp(20px, 5vw, 30px)\u00bb]La aventura comenz\u00f3 en 2015 con Marcel, un entusiasta de la naturaleza y la construcci\u00f3n, que se introdujo en el sector inmobiliario construyendo el chal\u00e9 de alquiler Blue Sky. Situado en el coraz\u00f3n de una campi\u00f1a encantadora, este proyecto se convirti\u00f3 r\u00e1pidamente en un \u00e9xito, lo que anim\u00f3 a Marcel a continuar con la construcci\u00f3n de un segundo chalet. Su pasi\u00f3n por el sector inmobiliario, centrada en el respeto al medio ambiente y la innovaci\u00f3n, le llev\u00f3 a descubrir un terreno de 5,8 millones de pies cuadrados, que decidi\u00f3 desarrollar en tres fases. Diez a\u00f1os despu\u00e9s, Marcel ha transformado m\u00e1s de 15 millones de metros cuadrados en fincas excepcionales, donde coexisten armoniosamente el confort moderno y una arquitectura respetuosa con el ecosistema local. Tambi\u00e9n est\u00e1 especializada en fincas llave en mano, dise\u00f1adas de forma integral para ofrecer una experiencia sin igual.[\/vc_custom_heading][\/vc_column_inner][\/vc_row_inner][\/vc_column][vc_column column_width_percent=\u00bb100&#8243; position_vertical=\u00bbmiddle\u00bb gutter_size=\u00bb3&#8243; style=\u00bbdark\u00bb overlay_alpha=\u00bb50&#8243; shift_x=\u00bb0&#8243; shift_y=\u00bb0&#8243; shift_y_down=\u00bb0&#8243; z_index=\u00bb0&#8243; medium_visibility=\u00bbyes\u00bb medium_width=\u00bb0&#8243; mobile_visibility=\u00bbyes\u00bb mobile_width=\u00bb0&#8243; width=\u00bb1\/2&#8243; uncode_shortcode_id=\u00bb117381&#8243;][vc_single_image media=\u00bb156374&#8243; media_width_percent=\u00bb100&#8243; media_ratio=\u00bbone-one\u00bb shape=\u00bbimg-round\u00bb radius=\u00bblg\u00bb advanced=\u00bbyes\u00bb media_overlay_opacity=\u00bb50&#8243; media_overlay_anim=\u00bbno\u00bb media_text_anim=\u00bbno\u00bb media_image_anim=\u00bbscroll\u00bb media_image_scroll=\u00bbzoom\u00bb media_image_scroll_val=\u00bb6&#8243; media_padding=\u00bb2&#8243; uncode_shortcode_id=\u00bb985444&#8243;][\/vc_column][\/vc_row][vc_section overlay_alpha=\u00bb50&#8243; content_parallax=\u00bb0&#8243; uncode_shortcode_id=\u00bb150116&#8243; back_color_type=\u00bbuncode-solid\u00bb back_color_solid=\u00bb#0c4f48&#8243;][vc_row unlock_row_content=\u00bbyes\u00bb row_height_percent=\u00bb0&#8243; override_padding=\u00bbyes\u00bb h_padding=\u00bb5&#8243; top_padding=\u00bb5&#8243; bottom_padding=\u00bb5&#8243; overlay_alpha=\u00bb50&#8243; gutter_size=\u00bb3&#8243; column_width_percent=\u00bb100&#8243; shift_y=\u00bb0&#8243; z_index=\u00bb0&#8243; top_divider=\u00bbgradient\u00bb css_animation=\u00bbscroll-trigger\u00bb animation_scale_val=\u00bb100&#8243; animation_opacity=\u00bb0&#8243; animation_x=\u00bb0&#8243; animation_y=\u00bb0&#8243; animation_blur=\u00bb0&#8243; animation_rotate=\u00bb0&#8243; animation_perspective=\u00bb0&#8243; animation_offset_top=\u00bb80&#8243; animation_offset_bottom=\u00bb60&#8243; content_parallax=\u00bb0&#8243; uncode_shortcode_id=\u00bb200764&#8243;][vc_column column_width_percent=\u00bb100&#8243; gutter_size=\u00bb3&#8243; style=\u00bbdark\u00bb overlay_alpha=\u00bb50&#8243; shift_x=\u00bb0&#8243; shift_y=\u00bb0&#8243; shift_y_down=\u00bb0&#8243; z_index=\u00bb0&#8243; medium_width=\u00bb0&#8243; mobile_width=\u00bb0&#8243; width=\u00bb1\/1&#8243; uncode_shortcode_id=\u00bb197315&#8243;][vc_custom_heading heading_semantic=\u00bbh3&#8243; text_size=\u00bb\u00bb text_weight=\u00bb300&#8243; uncode_shortcode_id=\u00bb165008&#8243; text_color_type=\u00bbuncode-solid\u00bb text_color_solid=\u00bbrgba(255,255,255,0.5)\u00bb]Al mismo tiempo, Christophe, apasionado de la construcci\u00f3n desde la infancia, acumul\u00f3 experiencia en diversos oficios en Europa antes de instalarse en Quebec. All\u00ed se embarc\u00f3 en prestigiosas reformas y construcciones. Atra\u00eddo por un chalet en Saint-Sauveur, que rehabilit\u00f3 con \u00e9xito para alquileres de corta duraci\u00f3n, Christophe dio el paso decisivo de comprar un terreno en Saint-Alphonse-Rodriguez. All\u00ed conoci\u00f3 a Marcel, lo que dio lugar a una fruct\u00edfera colaboraci\u00f3n que culmin\u00f3 con la creaci\u00f3n del Grupo LYKKE.[\/vc_custom_heading][\/vc_column][\/vc_row][\/vc_section][vc_row row_height_percent=\u00bb0&#8243; override_padding=\u00bbyes\u00bb h_padding=\u00bb2&#8243; top_padding=\u00bb4&#8243; bottom_padding=\u00bb4&#8243; overlay_alpha=\u00bb50&#8243; gutter_size=\u00bb3&#8243; column_width_percent=\u00bb100&#8243; shift_y=\u00bb0&#8243; z_index=\u00bb0&#8243; css_animation=\u00bbscroll-trigger\u00bb animation_scale_val=\u00bb100&#8243; animation_opacity=\u00bb100&#8243; animation_x=\u00bb-35&#8243; animation_y=\u00bb0&#8243; animation_blur=\u00bb0&#8243; animation_rotate=\u00bb0&#8243; animation_perspective=\u00bb0&#8243; animation_offset_top=\u00bb100&#8243; animation_offset_bottom=\u00bb200&#8243; content_parallax=\u00bb0&#8243; uncode_shortcode_id=\u00bb200423&#8243;][vc_column column_width_percent=\u00bb100&#8243; position_vertical=\u00bbmiddle\u00bb align_horizontal=\u00bbalign_center\u00bb gutter_size=\u00bb4&#8243; overlay_alpha=\u00bb50&#8243; shift_x=\u00bb0&#8243; shift_y=\u00bb0&#8243; shift_y_down=\u00bb0&#8243; z_index=\u00bb0&#8243; medium_width=\u00bb0&#8243; mobile_width=\u00bb0&#8243; width=\u00bb1\/1&#8243; uncode_shortcode_id=\u00bb397149&#8243;][vc_gallery el_id=\u00bbgallery-186704&#8243; type=\u00bbcarousel\u00bb medias=\u00bb156038,156036,156016,156000&#8243; carousel_lg=\u00bb2&#8243; carousel_md=\u00bb2&#8243; carousel_sm=\u00bb1&#8243; thumb_size=\u00bbthree-two\u00bb gutter_size=\u00bb2&#8243; media_items=\u00bbmedia|nolink|original,icon\u00bb carousel_interval=\u00bb0&#8243; carousel_navspeed=\u00bb400&#8243; carousel_loop=\u00bbyes\u00bb carousel_overflow=\u00bbyes\u00bb stage_padding=\u00bb0&#8243; single_shape=\u00bbround\u00bb radius=\u00bblg\u00bb single_overlay_opacity=\u00bb50&#8243; single_overlay_anim=\u00bbno\u00bb single_text_anim=\u00bbno\u00bb single_image_anim=\u00bbno\u00bb single_padding=\u00bb2&#8243; single_border=\u00bbyes\u00bb custom_cursor=\u00bbblur\u00bb cursor_title=\u00bbyes\u00bb hide_cursor_bg=\u00bbyes\u00bb uncode_shortcode_id=\u00bb726553&#8243; custom_tooltip=\u00bbDRAG\u00bb tooltip_class=\u00bbh6 fontheight-357766 font-787672&#8243;][\/vc_column][\/vc_row][vc_section overlay_alpha=\u00bb50&#8243; content_parallax=\u00bb0&#8243; uncode_shortcode_id=\u00bb150116&#8243; back_color_type=\u00bbuncode-solid\u00bb back_color_solid=\u00bb#0c4f48&#8243;][vc_row unlock_row_content=\u00bbyes\u00bb row_height_percent=\u00bb0&#8243; override_padding=\u00bbyes\u00bb h_padding=\u00bb5&#8243; top_padding=\u00bb5&#8243; bottom_padding=\u00bb5&#8243; overlay_alpha=\u00bb50&#8243; gutter_size=\u00bb3&#8243; column_width_percent=\u00bb100&#8243; shift_y=\u00bb0&#8243; z_index=\u00bb0&#8243; top_divider=\u00bbgradient\u00bb css_animation=\u00bbscroll-trigger\u00bb animation_scale_val=\u00bb100&#8243; animation_opacity=\u00bb0&#8243; animation_x=\u00bb0&#8243; animation_y=\u00bb0&#8243; animation_blur=\u00bb0&#8243; animation_rotate=\u00bb0&#8243; animation_perspective=\u00bb0&#8243; animation_offset_top=\u00bb80&#8243; animation_offset_bottom=\u00bb60&#8243; content_parallax=\u00bb0&#8243; uncode_shortcode_id=\u00bb200764&#8243;][vc_column column_width_percent=\u00bb100&#8243; gutter_size=\u00bb3&#8243; style=\u00bbdark\u00bb overlay_alpha=\u00bb50&#8243; shift_x=\u00bb0&#8243; shift_y=\u00bb0&#8243; shift_y_down=\u00bb0&#8243; z_index=\u00bb0&#8243; medium_width=\u00bb0&#8243; mobile_width=\u00bb0&#8243; width=\u00bb1\/1&#8243; uncode_shortcode_id=\u00bb197315&#8243;][vc_custom_heading heading_semantic=\u00bbh3&#8243; text_size=\u00bb\u00bb text_weight=\u00bb300&#8243; uncode_shortcode_id=\u00bb213257&#8243; text_color_type=\u00bbuncode-solid\u00bb text_color_solid=\u00bbrgba(255,255,255,0.5)\u00bb]<span style=\"font-weight: 400;\">Marcel y Christophe, impulsados por una visi\u00f3n com\u00fan y unos valores compartidos, fundaron el Domaine Sommet des Montagnes. Este proyecto, \u00fanico en su g\u00e9nero en Canad\u00e1, ofrece chal\u00e9s con un dise\u00f1o que combina la calidez danesa con el estilo escandinavo, perfectamente integrados en la naturaleza circundante. Juntos, siguen transformando su entorno mediante una experiencia combinada de visi\u00f3n, creatividad y excelencia, para ofrecer lugares verdaderamente excepcionales para vivir. Su asociaci\u00f3n pone de relieve el potencial del sector inmobiliario de lujo, en el que el respeto por el medio ambiente y la innovaci\u00f3n est\u00e1n en el centro de cada proyecto.<\/span>[\/vc_custom_heading][\/vc_column][\/vc_row][\/vc_section]<\/p>\n<\/div>","protected":false},"excerpt":{"rendered":"<p>[vc_row unlock_row_content=\u00bbyes\u00bb row_height_percent=\u00bb0&#8243; override_padding=\u00bbyes\u00bb h_padding=\u00bb7&#8243; top_padding=\u00bb7&#8243; bottom_padding=\u00bb7&#8243; back_image=\u00bb156272&#8243; back_position=\u00bbcenter top\u00bb overlay_alpha=\u00bb75&#8243; overlay_color_blend=\u00bbmultiply\u00bb overlay_animated=\u00bbyes\u00bb overlay_animated_size=\u00bb0.7&#8243; gutter_size=\u00bb3&#8243; column_width_percent=\u00bb100&#8243; shift_y=\u00bb0&#8243; z_index=\u00bb0&#8243; bottom_divider=\u00bbgradient\u00bb css_animation=\u00bbscroll-trigger\u00bb [&hellip;]<\/p>\n","protected":false},"author":2,"featured_media":0,"parent":0,"menu_order":0,"comment_status":"closed","ping_status":"closed","template":"","meta":{"footnotes":""},"class_list":["post-156554","page","type-page","status-publish","hentry"],"aioseo_notices":[],"_links":{"self":[{"href":"https:\/\/groupelykke.com\/es\/wp-json\/wp\/v2\/pages\/156554","targetHints":{"allow":["GET"]}}],"collection":[{"href":"https:\/\/groupelykke.com\/es\/wp-json\/wp\/v2\/pages"}],"about":[{"href":"https:\/\/groupelykke.com\/es\/wp-json\/wp\/v2\/types\/page"}],"author":[{"embeddable":true,"href":"https:\/\/groupelykke.com\/es\/wp-json\/wp\/v2\/users\/2"}],"replies":[{"embeddable":true,"href":"https:\/\/groupelykke.com\/es\/wp-json\/wp\/v2\/comments?post=156554"}],"version-history":[{"count":2,"href":"https:\/\/groupelykke.com\/es\/wp-json\/wp\/v2\/pages\/156554\/revisions"}],"predecessor-version":[{"id":156563,"href":"https:\/\/groupelykke.com\/es\/wp-json\/wp\/v2\/pages\/156554\/revisions\/156563"}],"wp:attachment":[{"href":"https:\/\/groupelykke.com\/es\/wp-json\/wp\/v2\/media?parent=156554"}],"curies":[{"name":"wp","href":"https:\/\/api.w.org\/{rel}","templated":true}]}}