{"id":156605,"date":"2025-05-04T15:20:30","date_gmt":"2025-05-04T15:20:30","guid":{"rendered":"https:\/\/groupelykke.com\/modelos\/lagom\/"},"modified":"2025-08-25T17:45:15","modified_gmt":"2025-08-25T17:45:15","slug":"lagom","status":"publish","type":"page","link":"https:\/\/groupelykke.com\/es\/modelos\/lagom\/","title":{"rendered":"Lagom"},"content":{"rendered":"<div class=\"wpb-content-wrapper\"><p>[vc_row row_height_percent=\u00bb70&#8243; back_color=\u00bbcolor-wayh\u00bb back_image=\u00bb156794&#8243; overlay_alpha=\u00bb50&#8243; gutter_size=\u00bb3&#8243; column_width_percent=\u00bb100&#8243; shift_y=\u00bb0&#8243; z_index=\u00bb0&#8243; content_parallax=\u00bb2&#8243; uncode_shortcode_id=\u00bb158046&#8243; back_color_type=\u00bbuncode-palette\u00bb][vc_column column_width_percent=\u00bb100&#8243; gutter_size=\u00bb3&#8243; style=\u00bbdark\u00bb overlay_alpha=\u00bb50&#8243; shift_x=\u00bb0&#8243; shift_y=\u00bb0&#8243; shift_y_down=\u00bb0&#8243; z_index=\u00bb0&#8243; medium_width=\u00bb0&#8243; mobile_width=\u00bb0&#8243; width=\u00bb1\/1&#8243;][\/vc_column][\/vc_row][vc_row row_height_percent=\u00bb0&#8243; override_padding=\u00bbyes\u00bb h_padding=\u00bb2&#8243; top_padding=\u00bb0&#8243; bottom_padding=\u00bb0&#8243; overlay_alpha=\u00bb50&#8243; gutter_size=\u00bb3&#8243; column_width_percent=\u00bb100&#8243; shift_y=\u00bb0&#8243; z_index=\u00bb0&#8243; content_parallax=\u00bb0&#8243; uncode_shortcode_id=\u00bb213680&#8243;][vc_column column_width_percent=\u00bb100&#8243; gutter_size=\u00bb3&#8243; override_padding=\u00bbyes\u00bb column_padding=\u00bb3&#8243; back_color=\u00bbcolor-xsdn\u00bb overlay_alpha=\u00bb50&#8243; shift_x=\u00bb0&#8243; shift_y=\u00bb-4&#8243; shift_y_fixed=\u00bbyes\u00bb shift_y_down=\u00bb0&#8243; z_index=\u00bb0&#8243; medium_width=\u00bb0&#8243; mobile_width=\u00bb0&#8243; width=\u00bb1\/1&#8243;][vc_row_inner row_inner_height_percent=\u00bb0&#8243; overlay_alpha=\u00bb50&#8243; equal_height=\u00bbyes\u00bb gutter_size=\u00bb0&#8243; shift_y=\u00bb0&#8243; limit_content=\u00bb\u00bb][vc_column_inner column_width_percent=\u00bb100&#8243; position_vertical=\u00bbmiddle\u00bb align_horizontal=\u00bbalign_center\u00bb gutter_size=\u00bb3&#8243; override_padding=\u00bbyes\u00bb column_padding=\u00bb3&#8243; overlay_alpha=\u00bb50&#8243; preserve_border=\u00bbyes\u00bb preserve_border_tablet=\u00bbyes\u00bb border_color=\u00bbcolor-gyho\u00bb border_style=\u00bbsolid\u00bb shift_x=\u00bb0&#8243; shift_y=\u00bb0&#8243; shift_y_down=\u00bb0&#8243; z_index=\u00bb0&#8243; medium_width=\u00bb2&#8243; mobile_width=\u00bb0&#8243; width=\u00bb3\/12&#8243; css=\u00bb.vc_custom_1623402307846{border-right-width: 1px !important;}\u00bb uncode_shortcode_id=\u00bb301232&#8243; border_color_type=\u00bbuncode-palette\u00bb][vc_custom_heading heading_semantic=\u00bbh3&#8243; text_size=\u00bbh3&#8243; text_weight=\u00bb400&#8243; text_transform=\u00bbuppercase\u00bb uncode_shortcode_id=\u00bb711380&#8243;]El Lagom[\/vc_custom_heading][\/vc_column_inner][vc_column_inner column_width_percent=\u00bb100&#8243; position_vertical=\u00bbmiddle\u00bb gutter_size=\u00bb3&#8243; override_padding=\u00bbyes\u00bb column_padding=\u00bb3&#8243; overlay_alpha=\u00bb50&#8243; shift_x=\u00bb0&#8243; shift_y=\u00bb0&#8243; shift_y_down=\u00bb0&#8243; z_index=\u00bb0&#8243; medium_width=\u00bb6&#8243; align_mobile=\u00bbalign_center_mobile\u00bb mobile_width=\u00bb0&#8243; width=\u00bb9\/12&#8243;][vc_custom_heading text_size=\u00bb\u00bb text_weight=\u00bb400&#8243; uncode_shortcode_id=\u00bb175649&#8243;]<span style=\"font-weight: 400;\">El Lagom, una perla de modernidad de estilo escandinavo enclavada en plena naturaleza.<\/span>[\/vc_custom_heading][\/vc_column_inner][\/vc_row_inner][\/vc_column][\/vc_row][vc_row row_height_percent=\u00bb0&#8243; override_padding=\u00bbyes\u00bb h_padding=\u00bb2&#8243; top_padding=\u00bb0&#8243; bottom_padding=\u00bb0&#8243; overlay_alpha=\u00bb50&#8243; gutter_size=\u00bb3&#8243; column_width_percent=\u00bb100&#8243; shift_y=\u00bb0&#8243; z_index=\u00bb0&#8243;][vc_column column_width_use_pixel=\u00bbyes\u00bb gutter_size=\u00bb2&#8243; font_family=\u00bbfont-165032&#8243; overlay_alpha=\u00bb50&#8243; shift_x=\u00bb0&#8243; shift_y=\u00bb0&#8243; shift_y_down=\u00bb0&#8243; z_index=\u00bb0&#8243; medium_width=\u00bb0&#8243; align_mobile=\u00bbalign_center_mobile\u00bb mobile_width=\u00bb0&#8243; width=\u00bb1\/1&#8243; column_width_pixel=\u00bb800&#8243; uncode_shortcode_id=\u00bb123027&#8243;][vc_column_text text_lead=\u00bbyes\u00bb uncode_shortcode_id=\u00bb142099&#8243;]<span style=\"font-weight: 400;\">Descubre la casa residencial<strong>\u201cLagom<\/strong>\u201d, una perla de <strong>modernidad<\/strong> <strong>de estilo escandinavo<\/strong> enclavada en plena naturaleza. Su <strong>elegante<\/strong> fachada <strong>de madera clara<\/strong> se integra perfectamente en el verde paisaje, ofreciendo un dise\u00f1o <strong>moderno y atemporal<\/strong> a la vez. Con <strong>tres <\/strong>amplios <strong>dormitorios <\/strong>y <strong>dos ba\u00f1os<\/strong> contempor\u00e1neos, el <strong>Lagom<\/strong> est\u00e1 dise\u00f1ado para la comodidad de <strong>toda la familia<\/strong>.<\/span>[\/vc_column_text][vc_column_text text_lead=\u00bbyes\u00bb uncode_shortcode_id=\u00bb210908&#8243;]<span style=\"font-weight: 400;\"><strong>La calefacci\u00f3n por suelo radiante el\u00e9ctrico de hormig\u00f3n<\/strong> proporciona un calor suave y constante, contribuyendo a crear un <strong>ambiente acogedor<\/strong>. El uso de <strong>madera<\/strong>, <strong>hormig\u00f3n<\/strong> y <strong>cer\u00e1mica<\/strong> refleja una mezcla armoniosa de <strong>materiales nobles<\/strong>, que confiere al lugar una elegancia natural y duradera.<\/span>[\/vc_column_text][vc_button size=\u00bbbtn-lg\u00bb border_animation=\u00bbbtn-ripple-in\u00bb border_width=\u00bb0&#8243; link=\u00bburl:https%3A%2F%2Fgroupelykke.com%2Fwp-content%2Fuploads%2F2025%2F06%2FPRESENTATION-LAGOM.pdf|target:_blank|\u00bb uncode_shortcode_id=\u00bb677597&#8243; icon=\u00bbfa fa-download3&#8243;]Descargar informaci\u00f3n completa[\/vc_button][\/vc_column][\/vc_row][vc_row row_height_percent=\u00bb0&#8243; override_padding=\u00bbyes\u00bb h_padding=\u00bb2&#8243; top_padding=\u00bb4&#8243; bottom_padding=\u00bb4&#8243; overlay_alpha=\u00bb50&#8243; gutter_size=\u00bb3&#8243; column_width_percent=\u00bb100&#8243; shift_y=\u00bb0&#8243; z_index=\u00bb0&#8243;][vc_column width=\u00bb1\/1&#8243;][vc_gallery el_id=\u00bbgallery-1514825&#8243; isotope_mode=\u00bbfitRows\u00bb medias=\u00bb156791,156034,156033&#8243; gutter_size=\u00bb3&#8243; screen_lg=\u00bb480&#8243; screen_md=\u00bb480&#8243; screen_sm=\u00bb200&#8243; single_overlay_opacity=\u00bb20&#8243; single_image_anim=\u00bbno\u00bb single_h_align=\u00bbcenter\u00bb single_padding=\u00bb2&#8243; single_icon=\u00bbfa fa-plus2&#8243; single_border=\u00bbyes\u00bb items=\u00bbeyI1NjY4OF9pIjp7InNpbmdsZV9pY29uIjoiIiwic2luZ2xlX3dpZHRoIjoiMTIiLCJpbWFnZXNfc2l6ZSI6InNpeHRlZW4tbmluZSJ9LCI1ODQ3MF9pIjp7InNpbmdsZV93aWR0aCI6IjEyIiwiaW1hZ2VzX3NpemUiOiJmb3VyLXRocmVlIn19&#8243; uncode_shortcode_id=\u00bb284393&#8243;][\/vc_column][\/vc_row][vc_row row_height_percent=\u00bb0&#8243; override_padding=\u00bbyes\u00bb h_padding=\u00bb2&#8243; top_padding=\u00bb0&#8243; bottom_padding=\u00bb4&#8243; overlay_alpha=\u00bb50&#8243; gutter_size=\u00bb3&#8243; column_width_percent=\u00bb100&#8243; shift_y=\u00bb0&#8243; z_index=\u00bb0&#8243;][vc_column column_width_use_pixel=\u00bbyes\u00bb gutter_size=\u00bb4&#8243; font_family=\u00bbfont-165032&#8243; overlay_alpha=\u00bb50&#8243; shift_x=\u00bb0&#8243; shift_y=\u00bb0&#8243; shift_y_down=\u00bb0&#8243; z_index=\u00bb0&#8243; medium_width=\u00bb0&#8243; align_mobile=\u00bbalign_center_mobile\u00bb mobile_width=\u00bb0&#8243; width=\u00bb1\/1&#8243; column_width_pixel=\u00bb800&#8243;][vc_row_inner limit_content=\u00bb\u00bb][vc_column_inner column_width_percent=\u00bb100&#8243; align_horizontal=\u00bbalign_center\u00bb gutter_size=\u00bb2&#8243; overlay_alpha=\u00bb50&#8243; shift_x=\u00bb0&#8243; shift_y=\u00bb0&#8243; shift_y_down=\u00bb0&#8243; z_index=\u00bb0&#8243; medium_width=\u00bb0&#8243; mobile_width=\u00bb0&#8243; width=\u00bb1\/1&#8243;][vc_custom_heading heading_semantic=\u00bbh1&#8243; text_size=\u00bbh1&#8243; text_weight=\u00bb400&#8243; uncode_shortcode_id=\u00bb944615&#8243;]Un estilo de vida inspirado en la naturaleza[\/vc_custom_heading][\/vc_column_inner][\/vc_row_inner][vc_column_text text_lead=\u00bbyes\u00bb uncode_shortcode_id=\u00bb114615&#8243;]<span style=\"font-weight: 400;\">Equipado con un sistema de <strong>calefacci\u00f3n por suelo radiante<\/strong> el\u00e9ctrico integrado en un <strong>suelo de hormig\u00f3n<\/strong>, el Lagom proporciona un calor suave y uniforme, una promesa de <strong>confort<\/strong> durante todo el a\u00f1o. Materiales nobles como la <strong>madera<\/strong>, el <strong>hormig\u00f3n<\/strong> y la cer\u00e1mica se combinan sutilmente para crear un ambiente <strong>c\u00e1lido y contempor\u00e1neo<\/strong>.<\/span>[\/vc_column_text][\/vc_column][\/vc_row][vc_row row_height_percent=\u00bb0&#8243; override_padding=\u00bbyes\u00bb h_padding=\u00bb2&#8243; top_padding=\u00bb4&#8243; bottom_padding=\u00bb4&#8243; overlay_alpha=\u00bb50&#8243; gutter_size=\u00bb3&#8243; column_width_percent=\u00bb100&#8243; shift_y=\u00bb0&#8243; z_index=\u00bb0&#8243;][vc_column width=\u00bb1\/1&#8243;][vc_gallery el_id=\u00bbgallery-15148253&#8243; isotope_mode=\u00bbfitRows\u00bb medias=\u00bb156788,156800,156797,156794&#8243; gutter_size=\u00bb3&#8243; screen_lg=\u00bb480&#8243; screen_md=\u00bb480&#8243; screen_sm=\u00bb200&#8243; single_width=\u00bb6&#8243; single_overlay_opacity=\u00bb20&#8243; single_image_anim=\u00bbno\u00bb single_h_align=\u00bbcenter\u00bb single_padding=\u00bb2&#8243; single_icon=\u00bbfa fa-plus2&#8243; single_border=\u00bbyes\u00bb items=\u00bbeyI1NjY4OF9pIjp7InNpbmdsZV9pY29uIjoiIiwic2luZ2xlX3dpZHRoIjoiMTIiLCJpbWFnZXNfc2l6ZSI6InNpeHRlZW4tbmluZSJ9LCI1ODQ3MF9pIjp7InNpbmdsZV93aWR0aCI6IjEyIiwiaW1hZ2VzX3NpemUiOiJmb3VyLXRocmVlIn19&#8243; uncode_shortcode_id=\u00bb161914&#8243;][\/vc_column][\/vc_row][vc_row row_height_percent=\u00bb0&#8243; override_padding=\u00bbyes\u00bb h_padding=\u00bb2&#8243; top_padding=\u00bb0&#8243; bottom_padding=\u00bb4&#8243; overlay_alpha=\u00bb50&#8243; gutter_size=\u00bb3&#8243; column_width_percent=\u00bb100&#8243; shift_y=\u00bb0&#8243; z_index=\u00bb0&#8243;][vc_column column_width_use_pixel=\u00bbyes\u00bb gutter_size=\u00bb4&#8243; font_family=\u00bbfont-165032&#8243; overlay_alpha=\u00bb50&#8243; shift_x=\u00bb0&#8243; shift_y=\u00bb0&#8243; shift_y_down=\u00bb0&#8243; z_index=\u00bb0&#8243; medium_width=\u00bb0&#8243; align_mobile=\u00bbalign_center_mobile\u00bb mobile_width=\u00bb0&#8243; width=\u00bb1\/1&#8243; column_width_pixel=\u00bb800&#8243;][vc_row_inner limit_content=\u00bb\u00bb][vc_column_inner column_width_percent=\u00bb100&#8243; align_horizontal=\u00bbalign_center\u00bb gutter_size=\u00bb2&#8243; overlay_alpha=\u00bb50&#8243; shift_x=\u00bb0&#8243; shift_y=\u00bb0&#8243; shift_y_down=\u00bb0&#8243; z_index=\u00bb0&#8243; medium_width=\u00bb0&#8243; mobile_width=\u00bb0&#8243; width=\u00bb1\/1&#8243;][vc_custom_heading heading_semantic=\u00bbh1&#8243; text_size=\u00bbh1&#8243; text_weight=\u00bb400&#8243; uncode_shortcode_id=\u00bb158292&#8243;]Una inmersi\u00f3n refinada en la belleza bruta[\/vc_custom_heading][\/vc_column_inner][\/vc_row_inner][vc_column_text text_lead=\u00bbyes\u00bb uncode_shortcode_id=\u00bb103663&#8243;]<span style=\"font-weight: 400;\">Dise\u00f1ado teniendo en cuenta la huella ecol\u00f3gica, <strong>Lagom<\/strong> favorece las <strong>soluciones respetuosas con el medio ambiente<\/strong>. Es una opci\u00f3n ideal para quienes desean vivir en armon\u00eda con la naturaleza y al mismo tiempo disfrutar de un estilo de vida <strong>moderno<\/strong>. Al tiempo que ofrece<strong> un lujo accesible<\/strong>, su <strong>precio asequible<\/strong> lo convierte en una rara oportunidad de convertirse en propietario de una casa moderna y respetuosa con el medio ambiente.<\/span>[\/vc_column_text][vc_column_text text_lead=\u00bbyes\u00bb uncode_shortcode_id=\u00bb133153&#8243;]<span style=\"font-weight: 400;\">El <strong>Lagom<\/strong> es una invitaci\u00f3n a vivir en armon\u00eda con la naturaleza, sin renunciar al <strong>estilo ni al confort<\/strong>. Ideal para quienes buscan un <strong>remanso de paz contempor\u00e1neo<\/strong>, es el lugar perfecto para recargar las pilas, combinando h\u00e1bilmente el confort moderno con el <strong>respeto ecol\u00f3gico<\/strong>.<\/span>[\/vc_column_text][\/vc_column][\/vc_row][vc_row row_height_percent=\u00bb0&#8243; overlay_alpha=\u00bb50&#8243; gutter_size=\u00bb3&#8243; column_width_percent=\u00bb100&#8243; shift_y=\u00bb0&#8243; z_index=\u00bb0&#8243; content_parallax=\u00bb0&#8243; uncode_shortcode_id=\u00bb689402&#8243; css=\u00bb.vc_custom_1747359321167{padding-bottom: 0px !important;}\u00bb][vc_column column_width_percent=\u00bb100&#8243; align_horizontal=\u00bbalign_center\u00bb gutter_size=\u00bb3&#8243; override_padding=\u00bbyes\u00bb column_padding=\u00bb0&#8243; overlay_alpha=\u00bb50&#8243; shift_x=\u00bb0&#8243; shift_y=\u00bb0&#8243; shift_y_down=\u00bb0&#8243; z_index=\u00bb0&#8243; medium_width=\u00bb0&#8243; mobile_width=\u00bb0&#8243; width=\u00bb1\/1&#8243; uncode_shortcode_id=\u00bb202360&#8243; css=\u00bb.vc_custom_1747359354661{padding-bottom: 0px !important;}\u00bb][vc_column_text text_lead=\u00bbyes\u00bb uncode_shortcode_id=\u00bb675427&#8243;]Contacta con nosotros[\/vc_column_text][vc_row_inner][vc_column_inner width=\u00bb1\/6&#8243;][\/vc_column_inner][vc_column_inner width=\u00bb2\/3&#8243;]<style id=\"wpforms-css-vars-156177\">\n\t\t\t\t#wpforms-156177 {\n\t\t\t\t--wpforms-container-padding: 0px;\n--wpforms-container-border-width: 1px;\n--wpforms-container-border-radius: 3px;\n--wpforms-background-color: rgba(0, 0, 0, 0);\n--wpforms-field-size-input-height: 43px;\n--wpforms-field-size-input-spacing: 15px;\n--wpforms-field-size-font-size: 16px;\n--wpforms-field-size-line-height: 19px;\n--wpforms-field-size-padding-h: 14px;\n--wpforms-field-size-checkbox-size: 16px;\n--wpforms-field-size-sublabel-spacing: 5px;\n--wpforms-field-size-icon-size: 1;\n--wpforms-label-size-font-size: 16px;\n--wpforms-label-size-line-height: 19px;\n--wpforms-label-size-sublabel-font-size: 14px;\n--wpforms-label-size-sublabel-line-height: 17px;\n--wpforms-button-size-font-size: 17px;\n--wpforms-button-size-height: 41px;\n--wpforms-button-size-padding-h: 15px;\n--wpforms-button-size-margin-top: 10px;\n--wpforms-container-shadow-size-box-shadow: none;\n\t\t\t}\n\t\t\t<\/style><div class=\"wpforms-container wpforms-container-full wpforms-render-modern\" id=\"wpforms-156177\"><form id=\"wpforms-form-156177\" class=\"wpforms-validate wpforms-form wpforms-ajax-form\" data-formid=\"156177\" method=\"post\" enctype=\"multipart\/form-data\" action=\"\/es\/wp-json\/wp\/v2\/pages\/156605\" data-token=\"360fc7d9e7a7051cf6660d2aca1ce78e\" data-token-time=\"1777222016\"><noscript class=\"wpforms-error-noscript\">Por favor, activa JavaScript en tu navegador para completar este formulario.<\/noscript><div id=\"wpforms-error-noscript\" style=\"display: none;\">Por favor, activa JavaScript en tu navegador para completar este formulario.<\/div><div class=\"wpforms-field-container\"><div id=\"wpforms-156177-field_1-container\" class=\"wpforms-field wpforms-field-text wpforms-one-half wpforms-first\" data-field-id=\"1\"><label class=\"wpforms-field-label wpforms-label-hide\" for=\"wpforms-156177-field_1\" aria-hidden=\"false\">Nom <span class=\"wpforms-required-label\" aria-hidden=\"true\">*<\/span><\/label><input type=\"text\" id=\"wpforms-156177-field_1\" class=\"wpforms-field-large wpforms-field-required\" name=\"wpforms[fields][1]\" placeholder=\"Nom\" aria-errormessage=\"wpforms-156177-field_1-error\" required><\/div><div id=\"wpforms-156177-field_2-container\" class=\"wpforms-field wpforms-field-email wpforms-one-half\" data-field-id=\"2\"><label class=\"wpforms-field-label wpforms-label-hide\" for=\"wpforms-156177-field_2\" aria-hidden=\"false\">Courriel <span class=\"wpforms-required-label\" aria-hidden=\"true\">*<\/span><\/label><input type=\"email\" id=\"wpforms-156177-field_2\" class=\"wpforms-field-large wpforms-field-required\" name=\"wpforms[fields][2]\" placeholder=\"Courriel\" spellcheck=\"false\" aria-errormessage=\"wpforms-156177-field_2-error\" required><\/div>\t\t<div id=\"wpforms-156177-field_3-container\"\n\t\t\tclass=\"wpforms-field wpforms-field-text\"\n\t\t\tdata-field-type=\"text\"\n\t\t\tdata-field-id=\"3\"\n\t\t\t>\n\t\t\t<label class=\"wpforms-field-label\" for=\"wpforms-156177-field_3\" >de ? Nom<\/label>\n\t\t\t<input type=\"text\" id=\"wpforms-156177-field_3\" class=\"wpforms-field-medium\" name=\"wpforms[fields][3]\" >\n\t\t<\/div>\n\t\t<div id=\"wpforms-156177-field_7-container\" class=\"wpforms-field wpforms-field-text wpforms-one-half wpforms-first\" data-field-id=\"7\"><label class=\"wpforms-field-label wpforms-label-hide\" for=\"wpforms-156177-field_7\" aria-hidden=\"false\">Num\u00e9ro de t\u00e9l\u00e9phone <span class=\"wpforms-required-label\" aria-hidden=\"true\">*<\/span><\/label><input type=\"text\" id=\"wpforms-156177-field_7\" class=\"wpforms-field-large wpforms-field-required wpforms-masked-input\" data-rule-inputmask-incomplete=\"1\" data-inputmask-mask=\"9999999999\" name=\"wpforms[fields][7]\" placeholder=\"Num\u00e9ro de t\u00e9l\u00e9phone\" aria-errormessage=\"wpforms-156177-field_7-error\" required><\/div><div id=\"wpforms-156177-field_4-container\" class=\"wpforms-field wpforms-field-select wpforms-one-half wpforms-field-select-style-classic\" data-field-id=\"4\"><label class=\"wpforms-field-label wpforms-label-hide\" for=\"wpforms-156177-field_4\" aria-hidden=\"false\">O\u00f9 avez-vous entendu parler de nous ? <span class=\"wpforms-required-label\" aria-hidden=\"true\">*<\/span><\/label><select id=\"wpforms-156177-field_4\" class=\"wpforms-field-large wpforms-field-required\" name=\"wpforms[fields][4]\" required=\"required\"><option value=\"\" class=\"placeholder\" disabled  selected='selected'>O\u00f9 avez-vous entendu parler de nous ?<\/option><option value=\"Google\"  class=\"choice-1 depth-1\"  >Google<\/option><option value=\"Facebook\"  class=\"choice-2 depth-1\"  >Facebook<\/option><option value=\"Instagram\"  class=\"choice-3 depth-1\"  >Instagram<\/option><option value=\"LinkedIn\"  class=\"choice-4 depth-1\"  >LinkedIn<\/option><option value=\"R\u00e9f\u00e9rence\"  class=\"choice-5 depth-1\"  >R\u00e9f\u00e9rence<\/option><\/select><\/div><div id=\"wpforms-156177-field_5-container\" class=\"wpforms-field wpforms-field-checkbox wpforms-list-inline\" data-field-id=\"5\"><fieldset><legend class=\"wpforms-field-label\">Par quel(s) mod\u00e8le(s) \u00eates-vous int\u00e9ress\u00e9(e) ? <span class=\"wpforms-required-label\" aria-hidden=\"true\">*<\/span><\/legend><ul id=\"wpforms-156177-field_5\" class=\"wpforms-field-required wpforms-image-choices wpforms-image-choices-classic\"><li class=\"choice-1 depth-1 wpforms-image-choices-item\"><label class=\"wpforms-field-label-inline\" for=\"wpforms-156177-field_5_1\" tabindex=\"0\"><span class=\"wpforms-image-choices-image\"><img decoding=\"async\" src=\"https:\/\/groupelykke.com\/wp-content\/uploads\/2025\/04\/a-frame-3d.jpg\" alt=\"A-Frame\" title=\"A-Frame\"><\/span><input type=\"checkbox\" id=\"wpforms-156177-field_5_1\" class=\"wpforms-screen-reader-element\" name=\"wpforms[fields][5][]\" value=\"A-Frame\" aria-errormessage=\"wpforms-156177-field_5_1-error\" tabindex=\"-1\" required ><span class=\"wpforms-image-choices-label\">A-Frame<\/span><\/label><\/li><li class=\"choice-2 depth-1 wpforms-image-choices-item\"><label class=\"wpforms-field-label-inline\" for=\"wpforms-156177-field_5_2\" tabindex=\"0\"><span class=\"wpforms-image-choices-image\"><img decoding=\"async\" src=\"https:\/\/groupelykke.com\/wp-content\/uploads\/2025\/04\/grey-wolf-outside.jpg\" alt=\"Grey Wolf\" title=\"Grey Wolf\"><\/span><input type=\"checkbox\" id=\"wpforms-156177-field_5_2\" class=\"wpforms-screen-reader-element\" name=\"wpforms[fields][5][]\" value=\"Grey Wolf\" aria-errormessage=\"wpforms-156177-field_5_2-error\" tabindex=\"-1\" required ><span class=\"wpforms-image-choices-label\">Grey Wolf<\/span><\/label><\/li><li class=\"choice-3 depth-1 wpforms-image-choices-item\"><label class=\"wpforms-field-label-inline\" for=\"wpforms-156177-field_5_3\" tabindex=\"0\"><span class=\"wpforms-image-choices-image\"><img decoding=\"async\" src=\"https:\/\/groupelykke.com\/wp-content\/uploads\/2025\/08\/lagom-back.png\" alt=\"Snoheim\" title=\"Snoheim\"><\/span><input type=\"checkbox\" id=\"wpforms-156177-field_5_3\" class=\"wpforms-screen-reader-element\" name=\"wpforms[fields][5][]\" value=\"Snoheim\" aria-errormessage=\"wpforms-156177-field_5_3-error\" tabindex=\"-1\" required ><span class=\"wpforms-image-choices-label\">Snoheim<\/span><\/label><\/li><li class=\"choice-4 depth-1 wpforms-image-choices-item\"><label class=\"wpforms-field-label-inline\" for=\"wpforms-156177-field_5_4\" tabindex=\"0\"><span class=\"wpforms-image-choices-image\"><img decoding=\"async\" src=\"https:\/\/groupelykke.com\/wp-content\/uploads\/2025\/04\/varma-4-garden-view.jpg\" alt=\"V\u00e4rma\" title=\"V\u00e4rma\"><\/span><input type=\"checkbox\" id=\"wpforms-156177-field_5_4\" class=\"wpforms-screen-reader-element\" name=\"wpforms[fields][5][]\" value=\"V\u00e4rma\" aria-errormessage=\"wpforms-156177-field_5_4-error\" tabindex=\"-1\" required ><span class=\"wpforms-image-choices-label\">V\u00e4rma<\/span><\/label><\/li><li class=\"choice-5 depth-1 wpforms-image-choices-item\"><label class=\"wpforms-field-label-inline\" for=\"wpforms-156177-field_5_5\" tabindex=\"0\"><span class=\"wpforms-image-choices-image\"><img decoding=\"async\" src=\"https:\/\/groupelykke.com\/wp-content\/uploads\/2026\/04\/VUE-03-ASTUCIEUX.png\" alt=\"Astucieux\" title=\"Astucieux\"><\/span><input type=\"checkbox\" id=\"wpforms-156177-field_5_5\" class=\"wpforms-screen-reader-element\" name=\"wpforms[fields][5][]\" value=\"Astucieux\" aria-errormessage=\"wpforms-156177-field_5_5-error\" tabindex=\"-1\" required ><span class=\"wpforms-image-choices-label\">Astucieux<\/span><\/label><\/li><\/ul><\/fieldset><\/div><div id=\"wpforms-156177-field_6-container\" class=\"wpforms-field wpforms-field-textarea\" data-field-id=\"6\"><label class=\"wpforms-field-label wpforms-label-hide\" for=\"wpforms-156177-field_6\" aria-hidden=\"false\">Questions ou commentaires <span class=\"wpforms-required-label\" aria-hidden=\"true\">*<\/span><\/label><textarea id=\"wpforms-156177-field_6\" class=\"wpforms-field-medium wpforms-field-required\" name=\"wpforms[fields][6]\" placeholder=\"Questions ou commentaires\" aria-errormessage=\"wpforms-156177-field_6-error\" required><\/textarea><\/div><script>\n\t\t\t\t( function() {\n\t\t\t\t\tconst style = document.createElement( 'style' );\n\t\t\t\t\tstyle.appendChild( document.createTextNode( '#wpforms-156177-field_3-container { position: absolute !important; overflow: hidden !important; display: inline !important; height: 1px !important; width: 1px !important; z-index: -1000 !important; padding: 0 !important; } #wpforms-156177-field_3-container input { visibility: hidden; } #wpforms-conversational-form-page #wpforms-156177-field_3-container label { counter-increment: none; }' ) );\n\t\t\t\t\tdocument.head.appendChild( style );\n\t\t\t\t\tdocument.currentScript?.remove();\n\t\t\t\t} )();\n\t\t\t<\/script><\/div><!-- .wpforms-field-container --><div class=\"wpforms-submit-container\" ><input type=\"hidden\" name=\"wpforms[id]\" value=\"156177\"><input type=\"hidden\" name=\"page_title\" value=\"\"><input type=\"hidden\" name=\"page_url\" value=\"https:\/\/groupelykke.com\/es\/wp-json\/wp\/v2\/pages\/156605\"><input type=\"hidden\" name=\"url_referer\" value=\"\"><button type=\"submit\" name=\"wpforms[submit]\" id=\"wpforms-submit-156177\" class=\"wpforms-submit custom-link btn btn-lg btn-custom-typo font-175442 font-weight-500 text-initial no-letterspace border-width-0 btn-text-skin btn-accent btn-outline btn-icon-left btn-ripple-out btn-border-animated cursor-init\" data-alt-text=\"Envoi...\" data-submit-text=\"Soumettre\" aria-live=\"assertive\" value=\"wpforms-submit\">Soumettre<\/button><img decoding=\"async\" src=\"https:\/\/groupelykke.com\/wp-content\/plugins\/wpforms-lite\/assets\/images\/submit-spin.svg\" class=\"wpforms-submit-spinner\" style=\"display: none;\" width=\"26\" height=\"26\" alt=\"Cargando\"><\/div><\/form><\/div>  <!-- .wpforms-container -->[\/vc_column_inner][vc_column_inner width=\u00bb1\/6&#8243;][\/vc_column_inner][\/vc_row_inner][\/vc_column][\/vc_row]<\/p>\n<\/div>","protected":false},"excerpt":{"rendered":"<p>[vc_row row_height_percent=\u00bb70&#8243; back_color=\u00bbcolor-wayh\u00bb back_image=\u00bb156794&#8243; overlay_alpha=\u00bb50&#8243; gutter_size=\u00bb3&#8243; column_width_percent=\u00bb100&#8243; shift_y=\u00bb0&#8243; z_index=\u00bb0&#8243; content_parallax=\u00bb2&#8243; uncode_shortcode_id=\u00bb158046&#8243; back_color_type=\u00bbuncode-palette\u00bb][vc_column column_width_percent=\u00bb100&#8243; gutter_size=\u00bb3&#8243; style=\u00bbdark\u00bb overlay_alpha=\u00bb50&#8243; shift_x=\u00bb0&#8243; shift_y=\u00bb0&#8243; shift_y_down=\u00bb0&#8243; z_index=\u00bb0&#8243; [&hellip;]<\/p>\n","protected":false},"author":2,"featured_media":0,"parent":156445,"menu_order":0,"comment_status":"closed","ping_status":"closed","template":"","meta":{"footnotes":""},"class_list":["post-156605","page","type-page","status-publish","hentry"],"aioseo_notices":[],"_links":{"self":[{"href":"https:\/\/groupelykke.com\/es\/wp-json\/wp\/v2\/pages\/156605","targetHints":{"allow":["GET"]}}],"collection":[{"href":"https:\/\/groupelykke.com\/es\/wp-json\/wp\/v2\/pages"}],"about":[{"href":"https:\/\/groupelykke.com\/es\/wp-json\/wp\/v2\/types\/page"}],"author":[{"embeddable":true,"href":"https:\/\/groupelykke.com\/es\/wp-json\/wp\/v2\/users\/2"}],"replies":[{"embeddable":true,"href":"https:\/\/groupelykke.com\/es\/wp-json\/wp\/v2\/comments?post=156605"}],"version-history":[{"count":16,"href":"https:\/\/groupelykke.com\/es\/wp-json\/wp\/v2\/pages\/156605\/revisions"}],"predecessor-version":[{"id":156833,"href":"https:\/\/groupelykke.com\/es\/wp-json\/wp\/v2\/pages\/156605\/revisions\/156833"}],"up":[{"embeddable":true,"href":"https:\/\/groupelykke.com\/es\/wp-json\/wp\/v2\/pages\/156445"}],"wp:attachment":[{"href":"https:\/\/groupelykke.com\/es\/wp-json\/wp\/v2\/media?parent=156605"}],"curies":[{"name":"wp","href":"https:\/\/api.w.org\/{rel}","templated":true}]}}